{"id":2267,"date":"2024-12-04T16:36:35","date_gmt":"2024-12-04T15:36:35","guid":{"rendered":"https:\/\/www.berg.ch\/?page_id=2267"},"modified":"2025-01-07T13:59:01","modified_gmt":"2025-01-07T12:59:01","slug":"sur-place","status":"publish","type":"page","link":"https:\/\/www.berg.ch\/fr\/sur-place\/","title":{"rendered":"On-Premises"},"content":{"rendered":"<div data-elementor-type=\"wp-page\" data-elementor-id=\"2267\" class=\"elementor elementor-2267\" data-elementor-post-type=\"page\">\n\t\t\t\t<div class=\"elementor-element elementor-element-a040dd2 e-flex e-con-boxed e-con e-parent\" data-id=\"a040dd2\" data-element_type=\"container\">\n\t\t\t\t\t<div class=\"e-con-inner\">\n\t\t\t\t<div class=\"elementor-element elementor-element-ec667a6 elementor-widget__width-initial elementor-widget elementor-widget-image\" data-id=\"ec667a6\" data-element_type=\"widget\" data-widget_type=\"image.default\">\n\t\t\t\t<div class=\"elementor-widget-container\">\n\t\t\t\t\t\t\t\t\t\t\t\t\t\t\t<img fetchpriority=\"high\" decoding=\"async\" width=\"800\" height=\"290\" src=\"https:\/\/www.berg.ch\/wp-content\/uploads\/2024\/10\/37bb175b-d3fb-4558-b438-18e1079761bd-1024x371.png\" class=\"attachment-large size-large wp-image-3043\" alt=\"\" srcset=\"https:\/\/www.berg.ch\/wp-content\/uploads\/2024\/10\/37bb175b-d3fb-4558-b438-18e1079761bd-1024x371.png 1024w, https:\/\/www.berg.ch\/wp-content\/uploads\/2024\/10\/37bb175b-d3fb-4558-b438-18e1079761bd-300x109.png 300w, https:\/\/www.berg.ch\/wp-content\/uploads\/2024\/10\/37bb175b-d3fb-4558-b438-18e1079761bd-768x278.png 768w, https:\/\/www.berg.ch\/wp-content\/uploads\/2024\/10\/37bb175b-d3fb-4558-b438-18e1079761bd.png 1472w\" sizes=\"(max-width: 800px) 100vw, 800px\" \/>\t\t\t\t\t\t\t\t\t\t\t\t\t\t\t<\/div>\n\t\t\t\t<\/div>\n\t\t\t\t\t<\/div>\n\t\t\t\t<\/div>\n\t\t<div class=\"elementor-element elementor-element-876cf41 e-flex e-con-boxed e-con e-parent\" data-id=\"876cf41\" data-element_type=\"container\" data-settings=\"{&quot;background_background&quot;:&quot;classic&quot;}\">\n\t\t\t\t\t<div class=\"e-con-inner\">\n\t\t\t\t<div class=\"elementor-element elementor-element-6a13612 elementor-widget elementor-widget-heading\" data-id=\"6a13612\" data-element_type=\"widget\" data-widget_type=\"heading.default\">\n\t\t\t\t<div class=\"elementor-widget-container\">\n\t\t\t\t\t<h1 class=\"elementor-heading-title elementor-size-default\"> Votre propre informatique sur votre site<\/h1>\t\t\t\t<\/div>\n\t\t\t\t<\/div>\n\t\t\t\t<div class=\"elementor-element elementor-element-9009207 elementor-widget elementor-widget-text-editor\" data-id=\"9009207\" data-element_type=\"widget\" data-widget_type=\"text-editor.default\">\n\t\t\t\t<div class=\"elementor-widget-container\">\n\t\t\t\t\t\t\t\t\t<p class=\"text-align-center\">Profitez de nos solutions \u00e9prouv\u00e9es. Nous mettons \u00e0 votre service notre longue exp\u00e9rience dans le domaine des r\u00e9seaux client-serveur et des serveurs Windows. M\u00eame si les solutions cloud occupent de plus en plus le devant de la sc\u00e8ne, il existe des situations dans lesquelles on souhaite continuer \u00e0 miser sur une solution sur site. En outre, des th\u00e8mes tels que l'utilisation de r\u00e9seaux sans fil et la s\u00e9curit\u00e9 informatique prennent de plus en plus d'importance. Nos sp\u00e9cialistes vous aideront volontiers \u00e0 faire le bon choix et \u00e0 mettre en service la solution ad\u00e9quate sur votre site.<\/p>\t\t\t\t\t\t\t\t<\/div>\n\t\t\t\t<\/div>\n\t\t\t\t\t<\/div>\n\t\t\t\t<\/div>\n\t\t<div class=\"elementor-element elementor-element-f32899d e-flex e-con-boxed e-con e-parent\" data-id=\"f32899d\" data-element_type=\"container\">\n\t\t\t\t\t<div class=\"e-con-inner\">\n\t\t<div class=\"elementor-element elementor-element-77d2aab e-grid e-con-full e-con e-child\" data-id=\"77d2aab\" data-element_type=\"container\">\n\t\t<div class=\"elementor-element elementor-element-449f638 e-con-full e-flex e-con e-child\" data-id=\"449f638\" data-element_type=\"container\" data-settings=\"{&quot;background_background&quot;:&quot;classic&quot;}\">\n\t\t\t\t<div class=\"elementor-element elementor-element-c4937de elementor-widget elementor-widget-heading\" data-id=\"c4937de\" data-element_type=\"widget\" data-widget_type=\"heading.default\">\n\t\t\t\t<div class=\"elementor-widget-container\">\n\t\t\t\t\t<div class=\"elementor-heading-title elementor-size-default\">Mat\u00e9riel serveur sur mesure\n<\/div>\t\t\t\t<\/div>\n\t\t\t\t<\/div>\n\t\t\t\t<div class=\"elementor-element elementor-element-8d86d81 elementor-widget elementor-widget-text-editor\" data-id=\"8d86d81\" data-element_type=\"widget\" data-widget_type=\"text-editor.default\">\n\t\t\t\t<div class=\"elementor-widget-container\">\n\t\t\t\t\t\t\t\t\t<div class=\"bj_Tm KDSOU\"><div class=\"TNpDg\"><div class=\"SgSdk\"><div class=\"sTtmz\" data-testid=\"static-text-element\"><div class=\"hcw3J\"><div class=\"\"><p>Nous construisons pour vous une solution serveur \u00e9conomique, adapt\u00e9e de mani\u00e8re optimale aux besoins de votre entreprise. Pour ce faire, nous misons sur des syst\u00e8mes d'exploitation de serveurs modernes de Microsoft et du mat\u00e9riel fiable de Hewlett Packard Enterprise (HPE).<\/p><\/div><\/div><\/div><\/div><\/div><\/div>\t\t\t\t\t\t\t\t<\/div>\n\t\t\t\t<\/div>\n\t\t\t\t<\/div>\n\t\t<div class=\"elementor-element elementor-element-551fa63 e-con-full e-flex e-con e-child\" data-id=\"551fa63\" data-element_type=\"container\" data-settings=\"{&quot;background_background&quot;:&quot;classic&quot;}\">\n\t\t\t\t<div class=\"elementor-element elementor-element-4cb7192 elementor-widget elementor-widget-heading\" data-id=\"4cb7192\" data-element_type=\"widget\" data-widget_type=\"heading.default\">\n\t\t\t\t<div class=\"elementor-widget-container\">\n\t\t\t\t\t<div class=\"elementor-heading-title elementor-size-default\">Lieu de travail moderne<\/div>\t\t\t\t<\/div>\n\t\t\t\t<\/div>\n\t\t\t\t<div class=\"elementor-element elementor-element-9cfa890 elementor-widget elementor-widget-text-editor\" data-id=\"9cfa890\" data-element_type=\"widget\" data-widget_type=\"text-editor.default\">\n\t\t\t\t<div class=\"elementor-widget-container\">\n\t\t\t\t\t\t\t\t\t<div class=\"bj_Tm KDSOU\"><div class=\"TNpDg\"><div class=\"SgSdk\"><div class=\"sTtmz\" data-testid=\"static-text-element\"><div class=\"hcw3J\"><div class=\"\"><div class=\"bj_Tm KDSOU\"><div class=\"TNpDg\"><div class=\"SgSdk\"><div class=\"sTtmz\" data-testid=\"static-text-element\"><div class=\"hcw3J\"><div class=\"\"><div class=\"bj_Tm KDSOU\"><div class=\"TNpDg\"><div class=\"SgSdk\"><div class=\"sTtmz\" data-testid=\"static-text-element\"><div class=\"hcw3J\"><div class=\"\"><p>Un poste de travail moderne pr\u00e9sente un degr\u00e9 \u00e9lev\u00e9 de mise en r\u00e9seau et vous soutient efficacement dans votre travail quotidien. Nous veillons \u00e0 ce que vous disposiez des appareils ad\u00e9quats. Pour ce faire, nous vous proposons un large assortiment d'ordinateurs de bureau, d'ordinateurs portables, de tablettes, de solutions d'impression et de num\u00e9risation ainsi que de t\u00e9l\u00e9phonie.<\/p><\/div><\/div><\/div><\/div><\/div><\/div><\/div><\/div><\/div><\/div><\/div><\/div><\/div><\/div><\/div><\/div><\/div><\/div>\t\t\t\t\t\t\t\t<\/div>\n\t\t\t\t<\/div>\n\t\t\t\t<\/div>\n\t\t<div class=\"elementor-element elementor-element-f1a5104 e-con-full e-flex e-con e-child\" data-id=\"f1a5104\" data-element_type=\"container\" data-settings=\"{&quot;background_background&quot;:&quot;classic&quot;}\">\n\t\t\t\t<div class=\"elementor-element elementor-element-83df29d elementor-widget elementor-widget-heading\" data-id=\"83df29d\" data-element_type=\"widget\" data-widget_type=\"heading.default\">\n\t\t\t\t<div class=\"elementor-widget-container\">\n\t\t\t\t\t<div class=\"elementor-heading-title elementor-size-default\">R\u00e9seau client-serveur classique\n<\/div>\t\t\t\t<\/div>\n\t\t\t\t<\/div>\n\t\t\t\t<div class=\"elementor-element elementor-element-f943eb1 elementor-widget elementor-widget-text-editor\" data-id=\"f943eb1\" data-element_type=\"widget\" data-widget_type=\"text-editor.default\">\n\t\t\t\t<div class=\"elementor-widget-container\">\n\t\t\t\t\t\t\t\t\t<div class=\"bj_Tm KDSOU\"><div class=\"TNpDg\"><div class=\"SgSdk\"><div class=\"sTtmz\" data-testid=\"static-text-element\"><div class=\"hcw3J\"><div class=\"\"><div class=\"bj_Tm KDSOU\"><div class=\"TNpDg\"><div class=\"SgSdk\"><div class=\"sTtmz\" data-testid=\"static-text-element\"><div class=\"hcw3J\"><div class=\"\"><div class=\"bj_Tm KDSOU\"><div class=\"TNpDg\"><div class=\"SgSdk\"><div class=\"sTtmz\" data-testid=\"static-text-element\"><div class=\"hcw3J\"><div class=\"\"><div class=\"bj_Tm KDSOU\"><div class=\"TNpDg\"><div class=\"SgSdk\"><div class=\"sTtmz\" data-testid=\"static-text-element\"><div class=\"hcw3J\"><div class=\"\"><p>Gr\u00e2ce \u00e0 notre exp\u00e9rience de plusieurs dizaines d'ann\u00e9es, nous vous proposons une solution \u00e9conomique pour la mise en r\u00e9seau de vos syst\u00e8mes de serveurs et de clients. Pour ce faire, nous misons sur des composants r\u00e9seau \u00e9prouv\u00e9s de fabricants renomm\u00e9s.<\/p><\/div><\/div><\/div><\/div><\/div><\/div><\/div><\/div><\/div><\/div><\/div><\/div><div class=\"bj_Tm KDSOU\"><div class=\"TNpDg\"><div class=\"SgSdk\"><div class=\"sTtmz\" data-testid=\"static-text-element\"><div class=\"hcw3J\"><div class=\"\">\u00a0<\/div><\/div><\/div><\/div><\/div><\/div><\/div><\/div><\/div><\/div><\/div><\/div><\/div><\/div><\/div><\/div><\/div><\/div>\t\t\t\t\t\t\t\t<\/div>\n\t\t\t\t<\/div>\n\t\t\t\t<\/div>\n\t\t<div class=\"elementor-element elementor-element-b4a5c19 e-con-full e-flex e-con e-child\" data-id=\"b4a5c19\" data-element_type=\"container\" data-settings=\"{&quot;background_background&quot;:&quot;classic&quot;}\">\n\t\t\t\t<div class=\"elementor-element elementor-element-22d5f4d elementor-widget elementor-widget-heading\" data-id=\"22d5f4d\" data-element_type=\"widget\" data-widget_type=\"heading.default\">\n\t\t\t\t<div class=\"elementor-widget-container\">\n\t\t\t\t\t<div class=\"elementor-heading-title elementor-size-default\">Plus d'efficacit\u00e9 avec un r\u00e9seau sans fil (WLAN)<\/div>\t\t\t\t<\/div>\n\t\t\t\t<\/div>\n\t\t\t\t<div class=\"elementor-element elementor-element-e7939ae elementor-widget elementor-widget-text-editor\" data-id=\"e7939ae\" data-element_type=\"widget\" data-widget_type=\"text-editor.default\">\n\t\t\t\t<div class=\"elementor-widget-container\">\n\t\t\t\t\t\t\t\t\t<div class=\"bj_Tm KDSOU\"><div class=\"TNpDg\"><div class=\"SgSdk\"><div class=\"sTtmz\" data-testid=\"static-text-element\"><div class=\"hcw3J\"><div class=\"\"><div class=\"bj_Tm KDSOU\"><div class=\"TNpDg\"><div class=\"SgSdk\"><div class=\"sTtmz\" data-testid=\"static-text-element\"><div class=\"hcw3J\"><div class=\"\"><div class=\"bj_Tm KDSOU\"><div class=\"TNpDg\"><div class=\"SgSdk\"><div class=\"sTtmz\" data-testid=\"static-text-element\"><div class=\"hcw3J\"><div class=\"\"><div class=\"bj_Tm KDSOU\"><div class=\"TNpDg\"><div class=\"SgSdk\"><div class=\"sTtmz\" data-testid=\"static-text-element\"><div class=\"hcw3J\"><div class=\"\"><div class=\"bj_Tm KDSOU\"><div class=\"TNpDg\"><div class=\"SgSdk\"><div class=\"sTtmz\" data-testid=\"static-text-element\"><div class=\"hcw3J\"><div class=\"\"><p>Un r\u00e9seau sans fil peut vous faciliter le travail dans de nombreux domaines d'application. Outre l'utilisation pratique dans les salles de r\u00e9union, il est ainsi possible de r\u00e9aliser un acc\u00e8s au r\u00e9seau l\u00e0 o\u00f9 l'utilisation d'un c\u00e2ble r\u00e9seau n'est pas possible. Nous v\u00e9rifions les exigences sur votre site afin de garantir une couverture \u00e9lev\u00e9e.<\/p><\/div><\/div><\/div><\/div><\/div><\/div><\/div><\/div><\/div><\/div><\/div><\/div><\/div><\/div><\/div><\/div><\/div><\/div><\/div><\/div><\/div><\/div><\/div><\/div><\/div><\/div><\/div><\/div><\/div><\/div>\t\t\t\t\t\t\t\t<\/div>\n\t\t\t\t<\/div>\n\t\t\t\t<\/div>\n\t\t<div class=\"elementor-element elementor-element-dd020a3 e-con-full e-flex e-con e-child\" data-id=\"dd020a3\" data-element_type=\"container\" data-settings=\"{&quot;background_background&quot;:&quot;classic&quot;}\">\n\t\t\t\t<div class=\"elementor-element elementor-element-d58685d elementor-widget elementor-widget-heading\" data-id=\"d58685d\" data-element_type=\"widget\" data-widget_type=\"heading.default\">\n\t\t\t\t<div class=\"elementor-widget-container\">\n\t\t\t\t\t<div class=\"elementor-heading-title elementor-size-default\">Nous agissons de mani\u00e8re proactive avant que les dommages ne surviennent<\/div>\t\t\t\t<\/div>\n\t\t\t\t<\/div>\n\t\t\t\t<div class=\"elementor-element elementor-element-db7ff3a elementor-widget elementor-widget-text-editor\" data-id=\"db7ff3a\" data-element_type=\"widget\" data-widget_type=\"text-editor.default\">\n\t\t\t\t<div class=\"elementor-widget-container\">\n\t\t\t\t\t\t\t\t\t<div class=\"bj_Tm KDSOU\"><div class=\"TNpDg\"><div class=\"SgSdk\"><div class=\"sTtmz\" data-testid=\"static-text-element\"><div class=\"hcw3J\"><div class=\"\"><div class=\"bj_Tm KDSOU\"><div class=\"TNpDg\"><div class=\"SgSdk\"><div class=\"sTtmz\" data-testid=\"static-text-element\"><div class=\"hcw3J\"><div class=\"\"><div class=\"bj_Tm KDSOU\"><div class=\"TNpDg\"><div class=\"SgSdk\"><div class=\"sTtmz\" data-testid=\"static-text-element\"><div class=\"hcw3J\"><div class=\"\"><div class=\"bj_Tm KDSOU\"><div class=\"TNpDg\"><div class=\"SgSdk\"><div class=\"sTtmz\" data-testid=\"static-text-element\"><div class=\"hcw3J\"><div class=\"\"><div class=\"bj_Tm KDSOU\"><div class=\"TNpDg\"><div class=\"SgSdk\"><div class=\"sTtmz\" data-testid=\"static-text-element\"><div class=\"hcw3J\"><div class=\"\"><div class=\"bj_Tm KDSOU\"><div class=\"TNpDg\"><div class=\"SgSdk\"><div class=\"sTtmz\" data-testid=\"static-text-element\"><div class=\"hcw3J\"><div class=\"\"><p>Nous surveillons vos syst\u00e8mes informatiques 24 heures sur 24 gr\u00e2ce \u00e0 des logiciels de s\u00e9curit\u00e9 et de monotoring ultramodernes. Nous nous chargeons pour vous du monotoring, planifions les mises \u00e0 jour r\u00e9currentes et les sauvegardes de donn\u00e9es et nous occupons de la s\u00e9curit\u00e9.<\/p><\/div><\/div><\/div><\/div><\/div><\/div><\/div><\/div><\/div><\/div><\/div><\/div><\/div><\/div><\/div><\/div><\/div><\/div><\/div><\/div><\/div><\/div><\/div><\/div><\/div><\/div><\/div><\/div><\/div><\/div><\/div><\/div><\/div><\/div><\/div><\/div>\t\t\t\t\t\t\t\t<\/div>\n\t\t\t\t<\/div>\n\t\t\t\t<\/div>\n\t\t<div class=\"elementor-element elementor-element-fce0f3e e-con-full e-flex e-con e-child\" data-id=\"fce0f3e\" data-element_type=\"container\" data-settings=\"{&quot;background_background&quot;:&quot;classic&quot;}\">\n\t\t\t\t<div class=\"elementor-element elementor-element-da181bf elementor-widget elementor-widget-heading\" data-id=\"da181bf\" data-element_type=\"widget\" data-widget_type=\"heading.default\">\n\t\t\t\t<div class=\"elementor-widget-container\">\n\t\t\t\t\t<div class=\"elementor-heading-title elementor-size-default\">Un support simple<\/div>\t\t\t\t<\/div>\n\t\t\t\t<\/div>\n\t\t\t\t<div class=\"elementor-element elementor-element-c48727c elementor-widget elementor-widget-text-editor\" data-id=\"c48727c\" data-element_type=\"widget\" data-widget_type=\"text-editor.default\">\n\t\t\t\t<div class=\"elementor-widget-container\">\n\t\t\t\t\t\t\t\t\t<div class=\"bj_Tm KDSOU\"><div class=\"TNpDg\"><div class=\"SgSdk\"><div class=\"sTtmz\" data-testid=\"static-text-element\"><div class=\"hcw3J\"><div class=\"\"><div class=\"bj_Tm KDSOU\"><div class=\"TNpDg\"><div class=\"SgSdk\"><div class=\"sTtmz\" data-testid=\"static-text-element\"><div class=\"hcw3J\"><div class=\"\"><div class=\"bj_Tm KDSOU\"><div class=\"TNpDg\"><div class=\"SgSdk\"><div class=\"sTtmz\" data-testid=\"static-text-element\"><div class=\"hcw3J\"><div class=\"\"><div class=\"bj_Tm KDSOU\"><div class=\"TNpDg\"><div class=\"SgSdk\"><div class=\"sTtmz\" data-testid=\"static-text-element\"><div class=\"hcw3J\"><div class=\"\"><div class=\"bj_Tm KDSOU\"><div class=\"TNpDg\"><div class=\"SgSdk\"><div class=\"sTtmz\" data-testid=\"static-text-element\"><div class=\"hcw3J\"><div class=\"\"><section id=\"d0199b46-05b8-401a-ba83-83e82b924ec1\" class=\"rdtDR css-9s1hn\"><div class=\"pKPEQ\"><div class=\"tqenA GPUyF\"><div class=\"bj_Tm KDSOU\"><div class=\"TNpDg\"><div class=\"SgSdk\"><div class=\"sTtmz\" data-testid=\"static-text-element\"><div class=\"hcw3J\"><div class=\"\"><section id=\"ea59aaeb-1137-4131-8cca-d48055dcec2c\" class=\"rdtDR css-9s1hn\"><div class=\"pKPEQ\"><div><div class=\"tqenA GPUyF\"><div class=\"bj_Tm KDSOU\"><div class=\"TNpDg\"><div class=\"SgSdk\"><div class=\"sTtmz\" data-testid=\"static-text-element\"><div class=\"hcw3J\"><div class=\"\"><p>Chez nous, vous n'\u00eates pas un num\u00e9ro. Nous vous garantissons une assistance personnelle et simple chaque fois que vous en avez besoin.<\/p><\/div><\/div><\/div><\/div><\/div><\/div><\/div><\/div><\/div><\/section><\/div><\/div><\/div><\/div><\/div><\/div><\/div><\/div><\/section><\/div><\/div><\/div><\/div><\/div><\/div><\/div><\/div><\/div><\/div><\/div><\/div><\/div><\/div><\/div><\/div><\/div><\/div><\/div><\/div><\/div><\/div><\/div><\/div><\/div><\/div><\/div><\/div><\/div><\/div>\t\t\t\t\t\t\t\t<\/div>\n\t\t\t\t<\/div>\n\t\t\t\t<\/div>\n\t\t\t\t<\/div>\n\t\t\t\t\t<\/div>\n\t\t\t\t<\/div>\n\t\t<div class=\"elementor-element elementor-element-01fc112 e-flex e-con-boxed e-con e-parent\" data-id=\"01fc112\" data-element_type=\"container\" data-settings=\"{&quot;background_background&quot;:&quot;classic&quot;}\">\n\t\t\t\t\t<div class=\"e-con-inner\">\n\t\t\t\t<div class=\"elementor-element elementor-element-e5184b9 elementor-widget elementor-widget-heading\" data-id=\"e5184b9\" data-element_type=\"widget\" data-widget_type=\"heading.default\">\n\t\t\t\t<div class=\"elementor-widget-container\">\n\t\t\t\t\t<div class=\"elementor-heading-title elementor-size-default\">Le premier pas vers une infrastructure informatique moderne<\/div>\t\t\t\t<\/div>\n\t\t\t\t<\/div>\n\t\t\t\t<div class=\"elementor-element elementor-element-060b05c elementor-widget elementor-widget-text-editor\" data-id=\"060b05c\" data-element_type=\"widget\" data-widget_type=\"text-editor.default\">\n\t\t\t\t<div class=\"elementor-widget-container\">\n\t\t\t\t\t\t\t\t\t<div class=\"uuwT8 xWObp css-1c375l0\"><section id=\"b61e0d84-8797-4c94-b773-a8bd8929af23\" class=\"rdtDR css-z2i47d\" data-block-type=\"news\"><div class=\"pKPEQ qh4kf\"><div class=\"FUBrc\"><div class=\"sTtmz FG8T_\" data-testid=\"static-text-element\"><div class=\"hcw3J\"><div class=\"\"><p class=\"text-align-center\">La premi\u00e8re consultation est gratuite<\/p><\/div><\/div><\/div><\/div><\/div><\/section><\/div>\t\t\t\t\t\t\t\t<\/div>\n\t\t\t\t<\/div>\n\t\t<div class=\"elementor-element elementor-element-f52f3e2 e-con-full e-flex e-con e-child\" data-id=\"f52f3e2\" data-element_type=\"container\">\n\t\t\t\t<div class=\"elementor-element elementor-element-8a4bd8f elementor-align-center elementor-widget elementor-widget-button\" data-id=\"8a4bd8f\" data-element_type=\"widget\" data-widget_type=\"button.default\">\n\t\t\t\t<div class=\"elementor-widget-container\">\n\t\t\t\t\t\t\t\t\t<div class=\"elementor-button-wrapper\">\n\t\t\t\t\t<a class=\"elementor-button elementor-button-link elementor-size-sm\" href=\"\/fr\/contact\/\">\n\t\t\t\t\t\t<span class=\"elementor-button-content-wrapper\">\n\t\t\t\t\t\t\t\t\t<span class=\"elementor-button-text\">Contact<\/span>\n\t\t\t\t\t<\/span>\n\t\t\t\t\t<\/a>\n\t\t\t\t<\/div>\n\t\t\t\t\t\t\t\t<\/div>\n\t\t\t\t<\/div>\n\t\t\t\t<div class=\"elementor-element elementor-element-3c5f2a8 elementor-align-center elementor-widget elementor-widget-button\" data-id=\"3c5f2a8\" data-element_type=\"widget\" data-widget_type=\"button.default\">\n\t\t\t\t<div class=\"elementor-widget-container\">\n\t\t\t\t\t\t\t\t\t<div class=\"elementor-button-wrapper\">\n\t\t\t\t\t<a class=\"elementor-button elementor-button-link elementor-size-sm\" href=\"\/fr\/contact\/demander-un-rappel\/\">\n\t\t\t\t\t\t<span class=\"elementor-button-content-wrapper\">\n\t\t\t\t\t\t\t\t\t<span class=\"elementor-button-text\">Demander un rappel<\/span>\n\t\t\t\t\t<\/span>\n\t\t\t\t\t<\/a>\n\t\t\t\t<\/div>\n\t\t\t\t\t\t\t\t<\/div>\n\t\t\t\t<\/div>\n\t\t\t\t<\/div>\n\t\t\t\t\t<\/div>\n\t\t\t\t<\/div>\n\t\t\t\t<\/div>","protected":false},"excerpt":{"rendered":"<p>Votre propre informatique sur place Profitez de nos solutions \u00e9prouv\u00e9es. Nous mettons \u00e0 votre service notre longue exp\u00e9rience dans le domaine des r\u00e9seaux client-serveur et des serveurs Windows. M\u00eame si les solutions cloud occupent de plus en plus le devant de la sc\u00e8ne, il existe des situations dans lesquelles on souhaite continuer \u00e0 miser sur une solution sur site. De plus, des th\u00e8mes comme [...]<\/p>","protected":false},"author":4,"featured_media":0,"parent":0,"menu_order":0,"comment_status":"closed","ping_status":"closed","template":"","meta":{"footnotes":""},"class_list":["post-2267","page","type-page","status-publish","hentry"],"_links":{"self":[{"href":"https:\/\/www.berg.ch\/fr\/wp-json\/wp\/v2\/pages\/2267","targetHints":{"allow":["GET"]}}],"collection":[{"href":"https:\/\/www.berg.ch\/fr\/wp-json\/wp\/v2\/pages"}],"about":[{"href":"https:\/\/www.berg.ch\/fr\/wp-json\/wp\/v2\/types\/page"}],"author":[{"embeddable":true,"href":"https:\/\/www.berg.ch\/fr\/wp-json\/wp\/v2\/users\/4"}],"replies":[{"embeddable":true,"href":"https:\/\/www.berg.ch\/fr\/wp-json\/wp\/v2\/comments?post=2267"}],"version-history":[{"count":43,"href":"https:\/\/www.berg.ch\/fr\/wp-json\/wp\/v2\/pages\/2267\/revisions"}],"predecessor-version":[{"id":3358,"href":"https:\/\/www.berg.ch\/fr\/wp-json\/wp\/v2\/pages\/2267\/revisions\/3358"}],"wp:attachment":[{"href":"https:\/\/www.berg.ch\/fr\/wp-json\/wp\/v2\/media?parent=2267"}],"curies":[{"name":"wp","href":"https:\/\/api.w.org\/{rel}","templated":true}]}}