{"id":2297,"date":"2024-12-04T16:36:27","date_gmt":"2024-12-04T15:36:27","guid":{"rendered":"https:\/\/www.berg.ch\/?page_id=2297"},"modified":"2025-02-04T14:59:25","modified_gmt":"2025-02-04T13:59:25","slug":"maintenance","status":"publish","type":"page","link":"https:\/\/www.berg.ch\/fr\/maintenance\/","title":{"rendered":"Maintenance"},"content":{"rendered":"<div data-elementor-type=\"wp-page\" data-elementor-id=\"2297\" class=\"elementor elementor-2297\" data-elementor-post-type=\"page\">\n\t\t\t\t<div class=\"elementor-element elementor-element-7672ffe e-flex e-con-boxed e-con e-parent\" data-id=\"7672ffe\" data-element_type=\"container\">\n\t\t\t\t\t<div class=\"e-con-inner\">\n\t\t\t\t<div class=\"elementor-element elementor-element-1ece119 elementor-widget__width-initial elementor-widget elementor-widget-image\" data-id=\"1ece119\" data-element_type=\"widget\" data-widget_type=\"image.default\">\n\t\t\t\t<div class=\"elementor-widget-container\">\n\t\t\t\t\t\t\t\t\t\t\t\t\t\t\t<img fetchpriority=\"high\" decoding=\"async\" width=\"800\" height=\"352\" src=\"https:\/\/www.berg.ch\/wp-content\/uploads\/2024\/10\/9e4a6ca1-d8f8-4aea-abcd-80e6bd4202aa-1024x451.png\" class=\"attachment-large size-large wp-image-3047\" alt=\"\" srcset=\"https:\/\/www.berg.ch\/wp-content\/uploads\/2024\/10\/9e4a6ca1-d8f8-4aea-abcd-80e6bd4202aa-1024x451.png 1024w, https:\/\/www.berg.ch\/wp-content\/uploads\/2024\/10\/9e4a6ca1-d8f8-4aea-abcd-80e6bd4202aa-300x132.png 300w, https:\/\/www.berg.ch\/wp-content\/uploads\/2024\/10\/9e4a6ca1-d8f8-4aea-abcd-80e6bd4202aa-768x338.png 768w, https:\/\/www.berg.ch\/wp-content\/uploads\/2024\/10\/9e4a6ca1-d8f8-4aea-abcd-80e6bd4202aa.png 1486w\" sizes=\"(max-width: 800px) 100vw, 800px\" \/>\t\t\t\t\t\t\t\t\t\t\t\t\t\t\t<\/div>\n\t\t\t\t<\/div>\n\t\t\t\t\t<\/div>\n\t\t\t\t<\/div>\n\t\t<div class=\"elementor-element elementor-element-143a982 e-flex e-con-boxed e-con e-parent\" data-id=\"143a982\" data-element_type=\"container\" data-settings=\"{&quot;background_background&quot;:&quot;classic&quot;}\">\n\t\t\t\t\t<div class=\"e-con-inner\">\n\t\t\t\t<div class=\"elementor-element elementor-element-3eb60e4 elementor-widget elementor-widget-heading\" data-id=\"3eb60e4\" data-element_type=\"widget\" data-widget_type=\"heading.default\">\n\t\t\t\t<div class=\"elementor-widget-container\">\n\t\t\t\t\t<h1 class=\"elementor-heading-title elementor-size-default\">Maintenance de vos syst\u00e8mes informatiques<\/h1>\t\t\t\t<\/div>\n\t\t\t\t<\/div>\n\t\t\t\t<div class=\"elementor-element elementor-element-c70cdf0 elementor-widget elementor-widget-heading\" data-id=\"c70cdf0\" data-element_type=\"widget\" data-widget_type=\"heading.default\">\n\t\t\t\t<div class=\"elementor-widget-container\">\n\t\t\t\t\t<div class=\"elementor-heading-title elementor-size-default\">Berg Managed Services<\/div>\t\t\t\t<\/div>\n\t\t\t\t<\/div>\n\t\t\t\t<div class=\"elementor-element elementor-element-52a1e8f elementor-widget elementor-widget-text-editor\" data-id=\"52a1e8f\" data-element_type=\"widget\" data-widget_type=\"text-editor.default\">\n\t\t\t\t<div class=\"elementor-widget-container\">\n\t\t\t\t\t\t\t\t\t<section id=\"b8bb5c5d-1617-4881-9fc5-8c29f5ccbfc1\" class=\"rdtDR css-z2i47d\"><div class=\"pKPEQ\"><div class=\"sTtmz\" data-testid=\"static-text-element\"><div class=\"hcw3J\"><div class=\"\"><p class=\"text-align-center\">Que ce soit dans le cloud ou sur votre site. Nous surveillons vos syst\u00e8mes et r\u00e9agissons de mani\u00e8re proactive avant que vos activit\u00e9s quotidiennes n'en p\u00e2tissent. Un logiciel de s\u00e9curit\u00e9 et de surveillance moderne nous permet de r\u00e9agir \u00e0 tout moment aux \u00e9v\u00e9nements, avant m\u00eame que vous ne vous en rendiez compte. Cela implique bien entendu un contrat de service (SLA) qui comprend des d\u00e9lais d'intervention garantis.<\/p><\/div><\/div><\/div><\/div><\/section>\t\t\t\t\t\t\t\t<\/div>\n\t\t\t\t<\/div>\n\t\t\t\t\t<\/div>\n\t\t\t\t<\/div>\n\t\t<div class=\"elementor-element elementor-element-ff26856 e-flex e-con-boxed e-con e-parent\" data-id=\"ff26856\" data-element_type=\"container\">\n\t\t\t\t\t<div class=\"e-con-inner\">\n\t\t<div class=\"elementor-element elementor-element-6ccfed8 e-con-full e-flex e-con e-child\" data-id=\"6ccfed8\" data-element_type=\"container\">\n\t\t\t\t<div class=\"elementor-element elementor-element-4d8dd49 animated-fast elementor-invisible elementor-widget elementor-widget-image\" data-id=\"4d8dd49\" data-element_type=\"widget\" data-settings=\"{&quot;_animation&quot;:&quot;fadeInUp&quot;}\" data-widget_type=\"image.default\">\n\t\t\t\t<div class=\"elementor-widget-container\">\n\t\t\t\t\t\t\t\t\t\t\t\t\t\t\t<img decoding=\"async\" width=\"800\" height=\"83\" src=\"https:\/\/www.berg.ch\/wp-content\/uploads\/2024\/10\/d29fcdeb-dfc9-4053-92a8-e9653a796526-1024x106.png\" class=\"attachment-large size-large wp-image-3055\" alt=\"\" srcset=\"https:\/\/www.berg.ch\/wp-content\/uploads\/2024\/10\/d29fcdeb-dfc9-4053-92a8-e9653a796526-1024x106.png 1024w, https:\/\/www.berg.ch\/wp-content\/uploads\/2024\/10\/d29fcdeb-dfc9-4053-92a8-e9653a796526-300x31.png 300w, https:\/\/www.berg.ch\/wp-content\/uploads\/2024\/10\/d29fcdeb-dfc9-4053-92a8-e9653a796526-768x79.png 768w, https:\/\/www.berg.ch\/wp-content\/uploads\/2024\/10\/d29fcdeb-dfc9-4053-92a8-e9653a796526.png 1500w\" sizes=\"(max-width: 800px) 100vw, 800px\" \/>\t\t\t\t\t\t\t\t\t\t\t\t\t\t\t<\/div>\n\t\t\t\t<\/div>\n\t\t\t\t<div class=\"elementor-element elementor-element-ce98a7f elementor-widget elementor-widget-text-editor\" data-id=\"ce98a7f\" data-element_type=\"widget\" data-widget_type=\"text-editor.default\">\n\t\t\t\t<div class=\"elementor-widget-container\">\n\t\t\t\t\t\t\t\t\t<ul><li>Prise en charge de vos serveurs Windows par Berg IT<\/li><li>Acc\u00e8s web \u00e0 l'\u00e9tat des services<\/li><li>Rapport d'\u00e9tat mensuel<\/li><li>Surveillance avec alarme 24\u00d77<\/li><li>Gestion des correctifs<\/li><li>Contr\u00f4le des sauvegardes sur leur syst\u00e8me<\/li><li>Gestion des disques durs (niveaux de remplissage, nettoyage)<\/li><li>Temps de r\u00e9action 4 heures<\/li><li>Entretien annuel de conseil sur l'\u00e9tat de l'informatique et la strat\u00e9gie informatique<\/li><li>Inventaire continu de tous les appareils, y compris la liste d'inventaire (2 fois par an)<\/li><\/ul>\t\t\t\t\t\t\t\t<\/div>\n\t\t\t\t<\/div>\n\t\t\t\t<\/div>\n\t\t<div class=\"elementor-element elementor-element-8d7d306 e-con-full e-flex e-con e-child\" data-id=\"8d7d306\" data-element_type=\"container\">\n\t\t\t\t<div class=\"elementor-element elementor-element-5e6e2b4 animated-fast elementor-invisible elementor-widget elementor-widget-image\" data-id=\"5e6e2b4\" data-element_type=\"widget\" data-settings=\"{&quot;_animation&quot;:&quot;fadeInUp&quot;}\" data-widget_type=\"image.default\">\n\t\t\t\t<div class=\"elementor-widget-container\">\n\t\t\t\t\t\t\t\t\t\t\t\t\t\t\t<img decoding=\"async\" width=\"800\" height=\"85\" src=\"https:\/\/www.berg.ch\/wp-content\/uploads\/2024\/10\/dfaa3c74-8829-4dc7-8af2-878c1e8f2d4e-1024x109.png\" class=\"attachment-large size-large wp-image-3059\" alt=\"\" srcset=\"https:\/\/www.berg.ch\/wp-content\/uploads\/2024\/10\/dfaa3c74-8829-4dc7-8af2-878c1e8f2d4e-1024x109.png 1024w, https:\/\/www.berg.ch\/wp-content\/uploads\/2024\/10\/dfaa3c74-8829-4dc7-8af2-878c1e8f2d4e-300x32.png 300w, https:\/\/www.berg.ch\/wp-content\/uploads\/2024\/10\/dfaa3c74-8829-4dc7-8af2-878c1e8f2d4e-768x81.png 768w, https:\/\/www.berg.ch\/wp-content\/uploads\/2024\/10\/dfaa3c74-8829-4dc7-8af2-878c1e8f2d4e.png 1500w\" sizes=\"(max-width: 800px) 100vw, 800px\" \/>\t\t\t\t\t\t\t\t\t\t\t\t\t\t\t<\/div>\n\t\t\t\t<\/div>\n\t\t\t\t<div class=\"elementor-element elementor-element-7886755 elementor-widget elementor-widget-text-editor\" data-id=\"7886755\" data-element_type=\"widget\" data-widget_type=\"text-editor.default\">\n\t\t\t\t<div class=\"elementor-widget-container\">\n\t\t\t\t\t\t\t\t\t<ul><li>Prise en charge de vos terminaux Windows par Berg IT<\/li><li>Acc\u00e8s web \u00e0 l'\u00e9tat des services<\/li><li>Rapport d'\u00e9tat mensuel<\/li><li>Surveillance avec alarme 24\u00d77<\/li><li>Gestion des correctifs<\/li><li>Gestion des comptes utilisateurs, mots de passe<\/li><li>Gestion des disques durs (niveaux de remplissage, nettoyage)<\/li><li>Temps de r\u00e9action 4 heures<\/li><li>Inventaire continu de tous les appareils, y compris la liste d'inventaire (2 fois par an)<\/li><\/ul>\t\t\t\t\t\t\t\t<\/div>\n\t\t\t\t<\/div>\n\t\t\t\t<\/div>\n\t\t<div class=\"elementor-element elementor-element-a236a83 e-con-full e-flex e-con e-child\" data-id=\"a236a83\" data-element_type=\"container\">\n\t\t\t\t<div class=\"elementor-element elementor-element-756336e animated-fast elementor-invisible elementor-widget elementor-widget-image\" data-id=\"756336e\" data-element_type=\"widget\" data-settings=\"{&quot;_animation&quot;:&quot;fadeInUp&quot;}\" data-widget_type=\"image.default\">\n\t\t\t\t<div class=\"elementor-widget-container\">\n\t\t\t\t\t\t\t\t\t\t\t\t\t\t\t<img loading=\"lazy\" decoding=\"async\" width=\"800\" height=\"113\" src=\"https:\/\/www.berg.ch\/wp-content\/uploads\/2024\/10\/2a0d63b1-62f7-45fe-abdf-d127b090eb5c-1024x145.png\" class=\"attachment-large size-large wp-image-3066\" alt=\"\" srcset=\"https:\/\/www.berg.ch\/wp-content\/uploads\/2024\/10\/2a0d63b1-62f7-45fe-abdf-d127b090eb5c-1024x145.png 1024w, https:\/\/www.berg.ch\/wp-content\/uploads\/2024\/10\/2a0d63b1-62f7-45fe-abdf-d127b090eb5c-300x43.png 300w, https:\/\/www.berg.ch\/wp-content\/uploads\/2024\/10\/2a0d63b1-62f7-45fe-abdf-d127b090eb5c-768x109.png 768w, https:\/\/www.berg.ch\/wp-content\/uploads\/2024\/10\/2a0d63b1-62f7-45fe-abdf-d127b090eb5c.png 1500w\" sizes=\"(max-width: 800px) 100vw, 800px\" \/>\t\t\t\t\t\t\t\t\t\t\t\t\t\t\t<\/div>\n\t\t\t\t<\/div>\n\t\t\t\t<div class=\"elementor-element elementor-element-cff6463 elementor-widget elementor-widget-text-editor\" data-id=\"cff6463\" data-element_type=\"widget\" data-widget_type=\"text-editor.default\">\n\t\t\t\t<div class=\"elementor-widget-container\">\n\t\t\t\t\t\t\t\t\t<ul><li>Prise en charge de votre infrastructure de pare-feu Sophos par Berg IT<\/li><li>Surveillance proactive des pare-feux\u00a0<\/li><li>Mise \u00e0 jour continue du logiciel<\/li><li>Gestion automatis\u00e9e des abonnements et des licences<\/li><li>Protection avanc\u00e9e pour le trafic de messagerie, le web et les serveurs web<\/li><\/ul>\t\t\t\t\t\t\t\t<\/div>\n\t\t\t\t<\/div>\n\t\t\t\t<\/div>\n\t\t<div class=\"elementor-element elementor-element-6368424 e-con-full e-flex e-con e-child\" data-id=\"6368424\" data-element_type=\"container\">\n\t\t\t\t<div class=\"elementor-element elementor-element-2472e03 animated-fast elementor-invisible elementor-widget elementor-widget-image\" data-id=\"2472e03\" data-element_type=\"widget\" data-settings=\"{&quot;_animation&quot;:&quot;fadeInUp&quot;}\" data-widget_type=\"image.default\">\n\t\t\t\t<div class=\"elementor-widget-container\">\n\t\t\t\t\t\t\t\t\t\t\t\t\t\t\t<img loading=\"lazy\" decoding=\"async\" width=\"800\" height=\"113\" src=\"https:\/\/www.berg.ch\/wp-content\/uploads\/2024\/10\/bc08284e-757c-4520-b87f-5b9fc5387f07-1024x145.png\" class=\"attachment-large size-large wp-image-3067\" alt=\"\" srcset=\"https:\/\/www.berg.ch\/wp-content\/uploads\/2024\/10\/bc08284e-757c-4520-b87f-5b9fc5387f07-1024x145.png 1024w, https:\/\/www.berg.ch\/wp-content\/uploads\/2024\/10\/bc08284e-757c-4520-b87f-5b9fc5387f07-300x43.png 300w, https:\/\/www.berg.ch\/wp-content\/uploads\/2024\/10\/bc08284e-757c-4520-b87f-5b9fc5387f07-768x109.png 768w, https:\/\/www.berg.ch\/wp-content\/uploads\/2024\/10\/bc08284e-757c-4520-b87f-5b9fc5387f07.png 1500w\" sizes=\"(max-width: 800px) 100vw, 800px\" \/>\t\t\t\t\t\t\t\t\t\t\t\t\t\t\t<\/div>\n\t\t\t\t<\/div>\n\t\t\t\t<div class=\"elementor-element elementor-element-6cbdcc5 elementor-widget elementor-widget-text-editor\" data-id=\"6cbdcc5\" data-element_type=\"widget\" data-widget_type=\"text-editor.default\">\n\t\t\t\t<div class=\"elementor-widget-container\">\n\t\t\t\t\t\t\t\t\t<ul><li>Prise en charge de votre protection antivirus par Berg IT<\/li><li>Une installation professionnelle pour une protection maximale<\/li><li>Surveillance proactive des appareils et alerte en cas d'urgence<\/li><li>Mises \u00e0 jour et maintenance r\u00e9guli\u00e8res<\/li><\/ul>\t\t\t\t\t\t\t\t<\/div>\n\t\t\t\t<\/div>\n\t\t\t\t<\/div>\n\t\t\t\t\t<\/div>\n\t\t\t\t<\/div>\n\t\t<div class=\"elementor-element elementor-element-6f5d3a7 e-flex e-con-boxed e-con e-parent\" data-id=\"6f5d3a7\" data-element_type=\"container\" data-settings=\"{&quot;background_background&quot;:&quot;classic&quot;}\">\n\t\t\t\t\t<div class=\"e-con-inner\">\n\t\t\t\t<div class=\"elementor-element elementor-element-65b4d38 elementor-widget elementor-widget-heading\" data-id=\"65b4d38\" data-element_type=\"widget\" data-widget_type=\"heading.default\">\n\t\t\t\t<div class=\"elementor-widget-container\">\n\t\t\t\t\t<div class=\"elementor-heading-title elementor-size-default\">Confiez-nous votre s\u00e9curit\u00e9 ! <\/div>\t\t\t\t<\/div>\n\t\t\t\t<\/div>\n\t\t\t\t<div class=\"elementor-element elementor-element-2534225 elementor-widget elementor-widget-text-editor\" data-id=\"2534225\" data-element_type=\"widget\" data-widget_type=\"text-editor.default\">\n\t\t\t\t<div class=\"elementor-widget-container\">\n\t\t\t\t\t\t\t\t\t<div class=\"uuwT8 xWObp css-1c375l0\"><section id=\"b61e0d84-8797-4c94-b773-a8bd8929af23\" class=\"rdtDR css-z2i47d\" data-block-type=\"news\"><div class=\"pKPEQ qh4kf\"><div class=\"FUBrc\"><div class=\"sTtmz FG8T_\" data-testid=\"static-text-element\"><div class=\"hcw3J\"><div class=\"\"><p class=\"text-align-center\">La premi\u00e8re consultation est gratuite<\/p><\/div><\/div><\/div><\/div><\/div><\/section><\/div>\t\t\t\t\t\t\t\t<\/div>\n\t\t\t\t<\/div>\n\t\t<div class=\"elementor-element elementor-element-150cb0a e-con-full e-flex e-con e-child\" data-id=\"150cb0a\" data-element_type=\"container\">\n\t\t\t\t<div class=\"elementor-element elementor-element-0417c86 elementor-align-center elementor-widget elementor-widget-button\" data-id=\"0417c86\" data-element_type=\"widget\" data-widget_type=\"button.default\">\n\t\t\t\t<div class=\"elementor-widget-container\">\n\t\t\t\t\t\t\t\t\t<div class=\"elementor-button-wrapper\">\n\t\t\t\t\t<a class=\"elementor-button elementor-button-link elementor-size-sm\" href=\"\/fr\/contact\/\">\n\t\t\t\t\t\t<span class=\"elementor-button-content-wrapper\">\n\t\t\t\t\t\t\t\t\t<span class=\"elementor-button-text\">Contact<\/span>\n\t\t\t\t\t<\/span>\n\t\t\t\t\t<\/a>\n\t\t\t\t<\/div>\n\t\t\t\t\t\t\t\t<\/div>\n\t\t\t\t<\/div>\n\t\t\t\t<div class=\"elementor-element elementor-element-27048b6 elementor-align-center elementor-widget elementor-widget-button\" data-id=\"27048b6\" data-element_type=\"widget\" data-widget_type=\"button.default\">\n\t\t\t\t<div class=\"elementor-widget-container\">\n\t\t\t\t\t\t\t\t\t<div class=\"elementor-button-wrapper\">\n\t\t\t\t\t<a class=\"elementor-button elementor-button-link elementor-size-sm\" href=\"\/fr\/contact\/demander-un-rappel\/\">\n\t\t\t\t\t\t<span class=\"elementor-button-content-wrapper\">\n\t\t\t\t\t\t\t\t\t<span class=\"elementor-button-text\">Demander un rappel<\/span>\n\t\t\t\t\t<\/span>\n\t\t\t\t\t<\/a>\n\t\t\t\t<\/div>\n\t\t\t\t\t\t\t\t<\/div>\n\t\t\t\t<\/div>\n\t\t\t\t<\/div>\n\t\t\t\t\t<\/div>\n\t\t\t\t<\/div>\n\t\t\t\t<\/div>","protected":false},"excerpt":{"rendered":"<p>Maintenance de vos syst\u00e8mes informatiques Berg Managed Services Que ce soit dans le cloud ou sur votre site. Nous surveillons vos syst\u00e8mes et r\u00e9agissons de mani\u00e8re proactive avant que vos activit\u00e9s quotidiennes n'en p\u00e2tissent. Un logiciel de s\u00e9curit\u00e9 et de surveillance moderne nous permet de r\u00e9agir \u00e0 tout moment aux \u00e9v\u00e9nements, avant m\u00eame que vous ne vous en rendiez compte. Un contrat de service (SLA) fait bien entendu partie de ce [...].<\/p>","protected":false},"author":4,"featured_media":0,"parent":0,"menu_order":0,"comment_status":"closed","ping_status":"closed","template":"","meta":{"footnotes":""},"class_list":["post-2297","page","type-page","status-publish","hentry"],"_links":{"self":[{"href":"https:\/\/www.berg.ch\/fr\/wp-json\/wp\/v2\/pages\/2297","targetHints":{"allow":["GET"]}}],"collection":[{"href":"https:\/\/www.berg.ch\/fr\/wp-json\/wp\/v2\/pages"}],"about":[{"href":"https:\/\/www.berg.ch\/fr\/wp-json\/wp\/v2\/types\/page"}],"author":[{"embeddable":true,"href":"https:\/\/www.berg.ch\/fr\/wp-json\/wp\/v2\/users\/4"}],"replies":[{"embeddable":true,"href":"https:\/\/www.berg.ch\/fr\/wp-json\/wp\/v2\/comments?post=2297"}],"version-history":[{"count":79,"href":"https:\/\/www.berg.ch\/fr\/wp-json\/wp\/v2\/pages\/2297\/revisions"}],"predecessor-version":[{"id":3381,"href":"https:\/\/www.berg.ch\/fr\/wp-json\/wp\/v2\/pages\/2297\/revisions\/3381"}],"wp:attachment":[{"href":"https:\/\/www.berg.ch\/fr\/wp-json\/wp\/v2\/media?parent=2297"}],"curies":[{"name":"wp","href":"https:\/\/api.w.org\/{rel}","templated":true}]}}