{"id":2330,"date":"2024-12-04T16:37:01","date_gmt":"2024-12-04T15:37:01","guid":{"rendered":"https:\/\/www.berg.ch\/?page_id=2330"},"modified":"2025-05-23T10:57:59","modified_gmt":"2025-05-23T08:57:59","slug":"abonnement-au-logiciel","status":"publish","type":"page","link":"https:\/\/www.berg.ch\/fr\/abonnement-au-logiciel\/","title":{"rendered":"Abonnements logiciels"},"content":{"rendered":"<div data-elementor-type=\"wp-page\" data-elementor-id=\"2330\" class=\"elementor elementor-2330\" data-elementor-post-type=\"page\">\n\t\t\t\t<div class=\"elementor-element elementor-element-4523313 e-flex e-con-boxed e-con e-parent\" data-id=\"4523313\" data-element_type=\"container\">\n\t\t\t\t\t<div class=\"e-con-inner\">\n\t\t\t\t<div class=\"elementor-element elementor-element-6e3f838 elementor-widget__width-initial elementor-widget elementor-widget-image\" data-id=\"6e3f838\" data-element_type=\"widget\" data-widget_type=\"image.default\">\n\t\t\t\t<div class=\"elementor-widget-container\">\n\t\t\t\t\t\t\t\t\t\t\t\t\t\t\t<img fetchpriority=\"high\" decoding=\"async\" width=\"800\" height=\"339\" src=\"https:\/\/www.berg.ch\/wp-content\/uploads\/2024\/10\/33227ee0-d06b-461d-9872-33be0ec4e634-1024x434.png\" class=\"attachment-large size-large wp-image-3088\" alt=\"\" srcset=\"https:\/\/www.berg.ch\/wp-content\/uploads\/2024\/10\/33227ee0-d06b-461d-9872-33be0ec4e634-1024x434.png 1024w, https:\/\/www.berg.ch\/wp-content\/uploads\/2024\/10\/33227ee0-d06b-461d-9872-33be0ec4e634-300x127.png 300w, https:\/\/www.berg.ch\/wp-content\/uploads\/2024\/10\/33227ee0-d06b-461d-9872-33be0ec4e634-768x325.png 768w, https:\/\/www.berg.ch\/wp-content\/uploads\/2024\/10\/33227ee0-d06b-461d-9872-33be0ec4e634.png 1468w\" sizes=\"(max-width: 800px) 100vw, 800px\" \/>\t\t\t\t\t\t\t\t\t\t\t\t\t\t\t<\/div>\n\t\t\t\t<\/div>\n\t\t\t\t\t<\/div>\n\t\t\t\t<\/div>\n\t\t<div class=\"elementor-element elementor-element-20f1c74 e-flex e-con-boxed e-con e-parent\" data-id=\"20f1c74\" data-element_type=\"container\" data-settings=\"{&quot;background_background&quot;:&quot;classic&quot;}\">\n\t\t\t\t\t<div class=\"e-con-inner\">\n\t\t\t\t<div class=\"elementor-element elementor-element-d5b6fcc elementor-widget elementor-widget-heading\" data-id=\"d5b6fcc\" data-element_type=\"widget\" data-widget_type=\"heading.default\">\n\t\t\t\t<div class=\"elementor-widget-container\">\n\t\t\t\t\t<h1 class=\"elementor-heading-title elementor-size-default\">Logiciel en location - adapt\u00e9 \u00e0 vos besoins<\/h1>\t\t\t\t<\/div>\n\t\t\t\t<\/div>\n\t\t\t\t<div class=\"elementor-element elementor-element-ba3ee63 elementor-widget elementor-widget-text-editor\" data-id=\"ba3ee63\" data-element_type=\"widget\" data-widget_type=\"text-editor.default\">\n\t\t\t\t<div class=\"elementor-widget-container\">\n\t\t\t\t\t\t\t\t\t<p class=\"text-align-center\">Il y a quelques ann\u00e9es encore, l'achat d'un logiciel repr\u00e9sentait un investissement important qu'il \u00e9tait relativement difficile de prot\u00e9ger : \u00e0 peine les licences achet\u00e9es, une nouvelle version apparaissait d\u00e9j\u00e0 sur le march\u00e9. Avec Software as a Service, les licences n\u00e9cessaires sont pay\u00e9es mensuellement et comprennent toujours toutes les mises \u00e0 jour. Le nombre peut \u00eatre facilement adapt\u00e9 chaque mois \u00e0 la situation actuelle et les co\u00fbts raisonnables sont r\u00e9partis uniform\u00e9ment sur la p\u00e9riode d'utilisation. A cela s'ajoute un grand nombre de fonctions cloud que vous pouvez utiliser de n'importe o\u00f9.<\/p>\t\t\t\t\t\t\t\t<\/div>\n\t\t\t\t<\/div>\n\t\t\t\t\t<\/div>\n\t\t\t\t<\/div>\n\t\t<div class=\"elementor-element elementor-element-e4a30e6 e-flex e-con-boxed e-con e-parent\" data-id=\"e4a30e6\" data-element_type=\"container\">\n\t\t\t\t\t<div class=\"e-con-inner\">\n\t\t<div class=\"elementor-element elementor-element-d3a51b3 e-grid e-con-full e-con e-child\" data-id=\"d3a51b3\" data-element_type=\"container\">\n\t\t<div class=\"elementor-element elementor-element-3540529 e-con-full e-flex e-con e-child\" data-id=\"3540529\" data-element_type=\"container\">\n\t\t\t\t<div class=\"elementor-element elementor-element-a60d240 elementor-widget__width-inherit elementor-widget elementor-widget-image\" data-id=\"a60d240\" data-element_type=\"widget\" data-widget_type=\"image.default\">\n\t\t\t\t<div class=\"elementor-widget-container\">\n\t\t\t\t\t\t\t\t\t\t\t\t\t\t\t<img decoding=\"async\" width=\"800\" height=\"235\" src=\"https:\/\/www.berg.ch\/wp-content\/uploads\/2025\/05\/Logo_SelectLine.png\" class=\"attachment-large size-large wp-image-3411\" alt=\"\" srcset=\"https:\/\/www.berg.ch\/wp-content\/uploads\/2025\/05\/Logo_SelectLine.png 1020w, https:\/\/www.berg.ch\/wp-content\/uploads\/2025\/05\/Logo_SelectLine-300x88.png 300w, https:\/\/www.berg.ch\/wp-content\/uploads\/2025\/05\/Logo_SelectLine-768x226.png 768w, https:\/\/www.berg.ch\/wp-content\/uploads\/2025\/05\/Logo_SelectLine-18x5.png 18w\" sizes=\"(max-width: 800px) 100vw, 800px\" \/>\t\t\t\t\t\t\t\t\t\t\t\t\t\t\t<\/div>\n\t\t\t\t<\/div>\n\t\t\t\t<div class=\"elementor-element elementor-element-c99ab1f elementor-widget elementor-widget-heading\" data-id=\"c99ab1f\" data-element_type=\"widget\" data-widget_type=\"heading.default\">\n\t\t\t\t<div class=\"elementor-widget-container\">\n\t\t\t\t\t<div class=\"elementor-heading-title elementor-size-default\">Selectline ERP<\/div>\t\t\t\t<\/div>\n\t\t\t\t<\/div>\n\t\t\t\t<div class=\"elementor-element elementor-element-152a5ef elementor-widget elementor-widget-text-editor\" data-id=\"152a5ef\" data-element_type=\"widget\" data-widget_type=\"text-editor.default\">\n\t\t\t\t<div class=\"elementor-widget-container\">\n\t\t\t\t\t\t\t\t\t<p>Qu'il s'agisse d'une commande, d'une comptabilit\u00e9 financi\u00e8re ou d'un salaire,<br \/>le logiciel de gestion qui a fait ses preuves des milliers de fois existe dans un mod\u00e8le de location pratique. En tant que partenaire SelectLine agr\u00e9\u00e9, nous avons la solution qui vous convient.<\/p>\t\t\t\t\t\t\t\t<\/div>\n\t\t\t\t<\/div>\n\t\t\t\t<\/div>\n\t\t<div class=\"elementor-element elementor-element-0d09107 e-con-full e-flex e-con e-child\" data-id=\"0d09107\" data-element_type=\"container\">\n\t\t\t\t<div class=\"elementor-element elementor-element-0601bb9 elementor-widget__width-inherit elementor-widget elementor-widget-image\" data-id=\"0601bb9\" data-element_type=\"widget\" data-widget_type=\"image.default\">\n\t\t\t\t<div class=\"elementor-widget-container\">\n\t\t\t\t\t\t\t\t\t\t\t\t\t\t\t<img decoding=\"async\" width=\"800\" height=\"332\" src=\"https:\/\/www.berg.ch\/wp-content\/uploads\/2024\/10\/e09942f7-9f31-4f48-889b-874ba01fe7ec-1024x425.jpg\" class=\"attachment-large size-large wp-image-3081\" alt=\"\" srcset=\"https:\/\/www.berg.ch\/wp-content\/uploads\/2024\/10\/e09942f7-9f31-4f48-889b-874ba01fe7ec-1024x425.jpg 1024w, https:\/\/www.berg.ch\/wp-content\/uploads\/2024\/10\/e09942f7-9f31-4f48-889b-874ba01fe7ec-300x124.jpg 300w, https:\/\/www.berg.ch\/wp-content\/uploads\/2024\/10\/e09942f7-9f31-4f48-889b-874ba01fe7ec-768x319.jpg 768w, https:\/\/www.berg.ch\/wp-content\/uploads\/2024\/10\/e09942f7-9f31-4f48-889b-874ba01fe7ec.jpg 1041w\" sizes=\"(max-width: 800px) 100vw, 800px\" \/>\t\t\t\t\t\t\t\t\t\t\t\t\t\t\t<\/div>\n\t\t\t\t<\/div>\n\t\t\t\t<div class=\"elementor-element elementor-element-6dc62cc elementor-widget elementor-widget-heading\" data-id=\"6dc62cc\" data-element_type=\"widget\" data-widget_type=\"heading.default\">\n\t\t\t\t<div class=\"elementor-widget-container\">\n\t\t\t\t\t<div class=\"elementor-heading-title elementor-size-default\">Eset S\u00e9curit\u00e9\n<\/div>\t\t\t\t<\/div>\n\t\t\t\t<\/div>\n\t\t\t\t<div class=\"elementor-element elementor-element-e0997d1 elementor-widget elementor-widget-text-editor\" data-id=\"e0997d1\" data-element_type=\"widget\" data-widget_type=\"text-editor.default\">\n\t\t\t\t<div class=\"elementor-widget-container\">\n\t\t\t\t\t\t\t\t\t<div class=\"bj_Tm QcRWW\"><div class=\"TNpDg\"><div class=\"SgSdk\"><div class=\"sTtmz\" data-testid=\"static-text-element\"><div class=\"hcw3J\"><div class=\"\"><p>En tant que partenaire Gold de l'\u00e9diteur de logiciels de s\u00e9curit\u00e9 leader et maintes fois r\u00e9compens\u00e9, nous vous proposons une large gamme de solutions de s\u00e9curit\u00e9.<\/p><\/div><\/div><\/div><\/div><\/div><\/div>\t\t\t\t\t\t\t\t<\/div>\n\t\t\t\t<\/div>\n\t\t\t\t<\/div>\n\t\t<div class=\"elementor-element elementor-element-e2e8623 e-con-full e-flex e-con e-child\" data-id=\"e2e8623\" data-element_type=\"container\">\n\t\t\t\t<div class=\"elementor-element elementor-element-1584c0f elementor-widget__width-inherit elementor-widget elementor-widget-image\" data-id=\"1584c0f\" data-element_type=\"widget\" data-widget_type=\"image.default\">\n\t\t\t\t<div class=\"elementor-widget-container\">\n\t\t\t\t\t\t\t\t\t\t\t\t\t\t\t<img loading=\"lazy\" decoding=\"async\" width=\"800\" height=\"145\" src=\"https:\/\/www.berg.ch\/wp-content\/uploads\/2024\/10\/cde41e44-31cf-409a-8345-3a6019e001ae-1024x185.png\" class=\"attachment-large size-large wp-image-3082\" alt=\"\" srcset=\"https:\/\/www.berg.ch\/wp-content\/uploads\/2024\/10\/cde41e44-31cf-409a-8345-3a6019e001ae-1024x185.png 1024w, https:\/\/www.berg.ch\/wp-content\/uploads\/2024\/10\/cde41e44-31cf-409a-8345-3a6019e001ae-300x54.png 300w, https:\/\/www.berg.ch\/wp-content\/uploads\/2024\/10\/cde41e44-31cf-409a-8345-3a6019e001ae-768x139.png 768w, https:\/\/www.berg.ch\/wp-content\/uploads\/2024\/10\/cde41e44-31cf-409a-8345-3a6019e001ae.png 1048w\" sizes=\"(max-width: 800px) 100vw, 800px\" \/>\t\t\t\t\t\t\t\t\t\t\t\t\t\t\t<\/div>\n\t\t\t\t<\/div>\n\t\t\t\t<div class=\"elementor-element elementor-element-ad0084b elementor-widget elementor-widget-heading\" data-id=\"ad0084b\" data-element_type=\"widget\" data-widget_type=\"heading.default\">\n\t\t\t\t<div class=\"elementor-widget-container\">\n\t\t\t\t\t<div class=\"elementor-heading-title elementor-size-default\">Sauvegarde Veeam<\/div>\t\t\t\t<\/div>\n\t\t\t\t<\/div>\n\t\t\t\t<div class=\"elementor-element elementor-element-b964460 elementor-widget elementor-widget-text-editor\" data-id=\"b964460\" data-element_type=\"widget\" data-widget_type=\"text-editor.default\">\n\t\t\t\t<div class=\"elementor-widget-container\">\n\t\t\t\t\t\t\t\t\t<div class=\"bj_Tm QcRWW\"><div class=\"TNpDg\"><div class=\"SgSdk\"><div class=\"sTtmz\" data-testid=\"static-text-element\"><div class=\"hcw3J\"><div class=\"\"><div class=\"bj_Tm QcRWW\"><div class=\"TNpDg\"><div class=\"SgSdk\"><div class=\"sTtmz\" data-testid=\"static-text-element\"><div class=\"hcw3J\"><div class=\"\"><p>Que vous sauvegardiez vos donn\u00e9es localement ou\/et dans notre Berg-Cloud, nous pouvons vous proposer des options avantageuses en tant que Silver Partner de Veeam.<\/p><\/div><\/div><\/div><\/div><\/div><\/div><\/div><\/div><\/div><\/div><\/div><\/div>\t\t\t\t\t\t\t\t<\/div>\n\t\t\t\t<\/div>\n\t\t\t\t<\/div>\n\t\t<div class=\"elementor-element elementor-element-6c7c0e6 e-con-full e-flex e-con e-child\" data-id=\"6c7c0e6\" data-element_type=\"container\">\n\t\t\t\t<div class=\"elementor-element elementor-element-0c744a1 elementor-widget__width-inherit elementor-widget elementor-widget-image\" data-id=\"0c744a1\" data-element_type=\"widget\" data-widget_type=\"image.default\">\n\t\t\t\t<div class=\"elementor-widget-container\">\n\t\t\t\t\t\t\t\t\t\t\t\t\t\t\t<img loading=\"lazy\" decoding=\"async\" width=\"300\" height=\"211\" src=\"https:\/\/www.berg.ch\/wp-content\/uploads\/2024\/10\/dc6b79fe-f68c-4afe-a1d9-959e128ee9c8.jpg\" class=\"attachment-large size-large wp-image-3083\" alt=\"\" \/>\t\t\t\t\t\t\t\t\t\t\t\t\t\t\t<\/div>\n\t\t\t\t<\/div>\n\t\t\t\t<div class=\"elementor-element elementor-element-173c32e elementor-widget elementor-widget-heading\" data-id=\"173c32e\" data-element_type=\"widget\" data-widget_type=\"heading.default\">\n\t\t\t\t<div class=\"elementor-widget-container\">\n\t\t\t\t\t<div class=\"elementor-heading-title elementor-size-default\">S\u00e9curit\u00e9 Sophos<\/div>\t\t\t\t<\/div>\n\t\t\t\t<\/div>\n\t\t\t\t<div class=\"elementor-element elementor-element-b7601f5 elementor-widget elementor-widget-text-editor\" data-id=\"b7601f5\" data-element_type=\"widget\" data-widget_type=\"text-editor.default\">\n\t\t\t\t<div class=\"elementor-widget-container\">\n\t\t\t\t\t\t\t\t\t<div class=\"bj_Tm QcRWW\"><div class=\"TNpDg\"><div class=\"SgSdk\"><div class=\"sTtmz\" data-testid=\"static-text-element\"><div class=\"hcw3J\"><div class=\"\"><div class=\"bj_Tm QcRWW\"><div class=\"TNpDg\"><div class=\"SgSdk\"><div class=\"sTtmz\" data-testid=\"static-text-element\"><div class=\"hcw3J\"><div class=\"\"><p>En plus de la prise en charge de votre pare-feu Sophos, nous vous proposons, en tant que Silver Partner, diff\u00e9rentes solutions suppl\u00e9mentaires pour augmenter la s\u00e9curit\u00e9 informatique. Nouveaut\u00e9 dans notre portefeuille, nous pouvons \u00e9galement vous proposer des simulations de phishing r\u00e9currentes.<\/p><\/div><\/div><\/div><\/div><\/div><\/div><\/div><\/div><\/div><\/div><\/div><\/div>\t\t\t\t\t\t\t\t<\/div>\n\t\t\t\t<\/div>\n\t\t\t\t<\/div>\n\t\t<div class=\"elementor-element elementor-element-674343f e-con-full e-flex e-con e-child\" data-id=\"674343f\" data-element_type=\"container\">\n\t\t\t\t<div class=\"elementor-element elementor-element-b9c939e elementor-widget__width-inherit elementor-widget elementor-widget-image\" data-id=\"b9c939e\" data-element_type=\"widget\" data-widget_type=\"image.default\">\n\t\t\t\t<div class=\"elementor-widget-container\">\n\t\t\t\t\t\t\t\t\t\t\t\t\t\t\t<img loading=\"lazy\" decoding=\"async\" width=\"679\" height=\"418\" src=\"https:\/\/www.berg.ch\/wp-content\/uploads\/2024\/10\/691c8020-7f89-4254-8bd5-775f913a7468.png\" class=\"attachment-large size-large wp-image-3084\" alt=\"\" srcset=\"https:\/\/www.berg.ch\/wp-content\/uploads\/2024\/10\/691c8020-7f89-4254-8bd5-775f913a7468.png 679w, https:\/\/www.berg.ch\/wp-content\/uploads\/2024\/10\/691c8020-7f89-4254-8bd5-775f913a7468-300x185.png 300w\" sizes=\"(max-width: 679px) 100vw, 679px\" \/>\t\t\t\t\t\t\t\t\t\t\t\t\t\t\t<\/div>\n\t\t\t\t<\/div>\n\t\t\t\t<div class=\"elementor-element elementor-element-c2f8403 elementor-widget elementor-widget-heading\" data-id=\"c2f8403\" data-element_type=\"widget\" data-widget_type=\"heading.default\">\n\t\t\t\t<div class=\"elementor-widget-container\">\n\t\t\t\t\t<div class=\"elementor-heading-title elementor-size-default\">Microsoft 365<\/div>\t\t\t\t<\/div>\n\t\t\t\t<\/div>\n\t\t\t\t<div class=\"elementor-element elementor-element-2efe70a elementor-widget elementor-widget-text-editor\" data-id=\"2efe70a\" data-element_type=\"widget\" data-widget_type=\"text-editor.default\">\n\t\t\t\t<div class=\"elementor-widget-container\">\n\t\t\t\t\t\t\t\t\t<div class=\"bj_Tm QcRWW\"><div class=\"TNpDg\"><div class=\"SgSdk\"><div class=\"sTtmz\" data-testid=\"static-text-element\"><div class=\"hcw3J\"><div class=\"\"><div class=\"bj_Tm QcRWW\"><div class=\"TNpDg\"><div class=\"SgSdk\"><div class=\"sTtmz\" data-testid=\"static-text-element\"><div class=\"hcw3J\"><div class=\"\"><section id=\"bd27c117-14f2-43ee-9c16-40df915c9a57\" class=\"rdtDR css-9s1hn\"><div class=\"pKPEQ\"><div><div class=\"tqenA\"><div class=\"bj_Tm QcRWW\"><div class=\"TNpDg\"><div class=\"SgSdk\"><div class=\"sTtmz\" data-testid=\"static-text-element\"><div class=\"hcw3J\"><div class=\"\"><p>Votre cloud de productivit\u00e9 pour le secteur professionnel. En tant que partenaire Microsoft, nous vous fournissons toutes les applications Office courantes, divers services cloud comme SharePoint et m\u00eame un cloud professionnel complet.\u00a0<\/p><\/div><\/div><\/div><\/div><\/div><\/div><\/div><\/div><\/div><\/section><\/div><\/div><\/div><\/div><\/div><\/div><\/div><\/div><\/div><\/div><\/div><\/div>\t\t\t\t\t\t\t\t<\/div>\n\t\t\t\t<\/div>\n\t\t\t\t<\/div>\n\t\t\t\t<\/div>\n\t\t\t\t\t<\/div>\n\t\t\t\t<\/div>\n\t\t<div class=\"elementor-element elementor-element-55e29e3 e-flex e-con-boxed e-con e-parent\" data-id=\"55e29e3\" data-element_type=\"container\" data-settings=\"{&quot;background_background&quot;:&quot;classic&quot;}\">\n\t\t\t\t\t<div class=\"e-con-inner\">\n\t\t\t\t<div class=\"elementor-element elementor-element-dd46727 elementor-widget elementor-widget-heading\" data-id=\"dd46727\" data-element_type=\"widget\" data-widget_type=\"heading.default\">\n\t\t\t\t<div class=\"elementor-widget-container\">\n\t\t\t\t\t<div class=\"elementor-heading-title elementor-size-default\">Le premier pas vers une infrastructure informatique moderne<\/div>\t\t\t\t<\/div>\n\t\t\t\t<\/div>\n\t\t\t\t<div class=\"elementor-element elementor-element-f4e4100 elementor-widget elementor-widget-text-editor\" data-id=\"f4e4100\" data-element_type=\"widget\" data-widget_type=\"text-editor.default\">\n\t\t\t\t<div class=\"elementor-widget-container\">\n\t\t\t\t\t\t\t\t\t<div class=\"uuwT8 xWObp css-1c375l0\"><section id=\"b61e0d84-8797-4c94-b773-a8bd8929af23\" class=\"rdtDR css-z2i47d\" data-block-type=\"news\"><div class=\"pKPEQ qh4kf\"><div class=\"FUBrc\"><div class=\"sTtmz FG8T_\" data-testid=\"static-text-element\"><div class=\"hcw3J\"><div class=\"\"><p class=\"text-align-center\">La premi\u00e8re consultation est gratuite<\/p><\/div><\/div><\/div><\/div><\/div><\/section><\/div>\t\t\t\t\t\t\t\t<\/div>\n\t\t\t\t<\/div>\n\t\t<div class=\"elementor-element elementor-element-76870ab e-con-full e-flex e-con e-child\" data-id=\"76870ab\" data-element_type=\"container\">\n\t\t\t\t<div class=\"elementor-element elementor-element-b478426 elementor-align-center elementor-widget elementor-widget-button\" data-id=\"b478426\" data-element_type=\"widget\" data-widget_type=\"button.default\">\n\t\t\t\t<div class=\"elementor-widget-container\">\n\t\t\t\t\t\t\t\t\t<div class=\"elementor-button-wrapper\">\n\t\t\t\t\t<a class=\"elementor-button elementor-button-link elementor-size-sm\" href=\"\/fr\/contact\/\">\n\t\t\t\t\t\t<span class=\"elementor-button-content-wrapper\">\n\t\t\t\t\t\t\t\t\t<span class=\"elementor-button-text\">Contact<\/span>\n\t\t\t\t\t<\/span>\n\t\t\t\t\t<\/a>\n\t\t\t\t<\/div>\n\t\t\t\t\t\t\t\t<\/div>\n\t\t\t\t<\/div>\n\t\t\t\t<div class=\"elementor-element elementor-element-d295a42 elementor-align-center elementor-widget elementor-widget-button\" data-id=\"d295a42\" data-element_type=\"widget\" data-widget_type=\"button.default\">\n\t\t\t\t<div class=\"elementor-widget-container\">\n\t\t\t\t\t\t\t\t\t<div class=\"elementor-button-wrapper\">\n\t\t\t\t\t<a class=\"elementor-button elementor-button-link elementor-size-sm\" href=\"\/fr\/contact\/demander-un-rappel\/\">\n\t\t\t\t\t\t<span class=\"elementor-button-content-wrapper\">\n\t\t\t\t\t\t\t\t\t<span class=\"elementor-button-text\">Demander un rappel<\/span>\n\t\t\t\t\t<\/span>\n\t\t\t\t\t<\/a>\n\t\t\t\t<\/div>\n\t\t\t\t\t\t\t\t<\/div>\n\t\t\t\t<\/div>\n\t\t\t\t<\/div>\n\t\t\t\t\t<\/div>\n\t\t\t\t<\/div>\n\t\t\t\t<\/div>","protected":false},"excerpt":{"rendered":"<p>Logiciel en location - adapt\u00e9 \u00e0 vos besoins Il y a quelques ann\u00e9es encore, l'achat d'un logiciel repr\u00e9sentait un investissement important qu'il \u00e9tait relativement difficile de prot\u00e9ger : \u00e0 peine les licences achet\u00e9es, une nouvelle version apparaissait d\u00e9j\u00e0 sur le march\u00e9. Avec le Software as a Service, les licences n\u00e9cessaires sont pay\u00e9es mensuellement et comprennent toujours toutes les [...].<\/p>","protected":false},"author":4,"featured_media":0,"parent":0,"menu_order":0,"comment_status":"closed","ping_status":"closed","template":"","meta":{"footnotes":""},"class_list":["post-2330","page","type-page","status-publish","hentry"],"_links":{"self":[{"href":"https:\/\/www.berg.ch\/fr\/wp-json\/wp\/v2\/pages\/2330","targetHints":{"allow":["GET"]}}],"collection":[{"href":"https:\/\/www.berg.ch\/fr\/wp-json\/wp\/v2\/pages"}],"about":[{"href":"https:\/\/www.berg.ch\/fr\/wp-json\/wp\/v2\/types\/page"}],"author":[{"embeddable":true,"href":"https:\/\/www.berg.ch\/fr\/wp-json\/wp\/v2\/users\/4"}],"replies":[{"embeddable":true,"href":"https:\/\/www.berg.ch\/fr\/wp-json\/wp\/v2\/comments?post=2330"}],"version-history":[{"count":79,"href":"https:\/\/www.berg.ch\/fr\/wp-json\/wp\/v2\/pages\/2330\/revisions"}],"predecessor-version":[{"id":3431,"href":"https:\/\/www.berg.ch\/fr\/wp-json\/wp\/v2\/pages\/2330\/revisions\/3431"}],"wp:attachment":[{"href":"https:\/\/www.berg.ch\/fr\/wp-json\/wp\/v2\/media?parent=2330"}],"curies":[{"name":"wp","href":"https:\/\/api.w.org\/{rel}","templated":true}]}}