{"id":2628,"date":"2024-10-15T11:48:30","date_gmt":"2024-10-15T09:48:30","guid":{"rendered":"https:\/\/www.berg.ch\/?page_id=2628"},"modified":"2025-03-26T10:10:42","modified_gmt":"2025-03-26T09:10:42","slug":"a-propos-de-nous","status":"publish","type":"page","link":"https:\/\/www.berg.ch\/fr\/a-propos-de-nous\/","title":{"rendered":"\u00c0 propos de nous"},"content":{"rendered":"<div data-elementor-type=\"wp-page\" data-elementor-id=\"2628\" class=\"elementor elementor-2628\" data-elementor-post-type=\"page\">\n\t\t\t\t<div class=\"elementor-element elementor-element-a86123c e-flex e-con-boxed e-con e-parent\" data-id=\"a86123c\" data-element_type=\"container\" data-settings=\"{&quot;background_background&quot;:&quot;classic&quot;}\">\n\t\t\t\t\t<div class=\"e-con-inner\">\n\t\t\t\t<div class=\"elementor-element elementor-element-1b97d2f elementor-widget elementor-widget-heading\" data-id=\"1b97d2f\" data-element_type=\"widget\" data-widget_type=\"heading.default\">\n\t\t\t\t<div class=\"elementor-widget-container\">\n\t\t\t\t\t<div class=\"elementor-heading-title elementor-size-default\"> 25 ANS D'EXP\u00c9RIENCE<\/div>\t\t\t\t<\/div>\n\t\t\t\t<\/div>\n\t\t\t\t<div class=\"elementor-element elementor-element-3fe9451 elementor-widget__width-initial elementor-widget elementor-widget-text-editor\" data-id=\"3fe9451\" data-element_type=\"widget\" data-widget_type=\"text-editor.default\">\n\t\t\t\t<div class=\"elementor-widget-container\">\n\t\t\t\t\t\t\t\t\t<p><strong>Nous connaissons parfaitement les besoins informatiques des PME. Notre objectif est de trouver la meilleure solution informatique pour vous et votre entreprise.<br \/><\/strong><br \/>Il y a 25 ans, Collin Berg a fond\u00e9 son entreprise en se concentrant sur les solutions informatiques pour les PME. Au cours des ann\u00e9es de suivi de ses clients, certaines entreprises se sont d\u00e9velopp\u00e9es pour devenir des entreprises imposantes employant plus de 100 personnes. Aujourd'hui, Berg IT GmbH peut s'appuyer sur une grande exp\u00e9rience et un vaste r\u00e9seau de sp\u00e9cialistes. Nous pouvons ainsi vous soutenir dans tous les domaines de l'informatique. Nous vous aidons \u00e0 trouver la solution informatique id\u00e9ale pour votre entreprise, \u00e0 l'adapter \u00e0 vos besoins et vous accompagnons dans son d\u00e9veloppement.<\/p>\t\t\t\t\t\t\t\t<\/div>\n\t\t\t\t<\/div>\n\t\t\t\t\t<\/div>\n\t\t\t\t<\/div>\n\t\t<div class=\"elementor-element elementor-element-3a6b929 e-flex e-con-boxed e-con e-parent\" data-id=\"3a6b929\" data-element_type=\"container\">\n\t\t\t\t\t<div class=\"e-con-inner\">\n\t\t\t\t<div class=\"elementor-element elementor-element-98a018d elementor-widget elementor-widget-heading\" data-id=\"98a018d\" data-element_type=\"widget\" data-widget_type=\"heading.default\">\n\t\t\t\t<div class=\"elementor-widget-container\">\n\t\t\t\t\t<h1 class=\"elementor-heading-title elementor-size-default\">Notre \u00e9quipe<\/h1>\t\t\t\t<\/div>\n\t\t\t\t<\/div>\n\t\t<div class=\"elementor-element elementor-element-4822d1d e-grid e-con-full e-con e-child\" data-id=\"4822d1d\" data-element_type=\"container\">\n\t\t<div class=\"elementor-element elementor-element-0f8f9e8 e-con-full e-flex e-con e-child\" data-id=\"0f8f9e8\" data-element_type=\"container\">\n\t\t\t\t<div class=\"elementor-element elementor-element-a6e58af elementor-widget elementor-widget-image\" data-id=\"a6e58af\" data-element_type=\"widget\" data-widget_type=\"image.default\">\n\t\t\t\t<div class=\"elementor-widget-container\">\n\t\t\t\t\t\t\t\t\t\t\t\t\t\t\t<img fetchpriority=\"high\" decoding=\"async\" width=\"500\" height=\"643\" src=\"https:\/\/www.berg.ch\/wp-content\/uploads\/2025\/03\/jud.jpg\" class=\"attachment-full size-full wp-image-3398\" alt=\"\" srcset=\"https:\/\/www.berg.ch\/wp-content\/uploads\/2025\/03\/jud.jpg 500w, https:\/\/www.berg.ch\/wp-content\/uploads\/2025\/03\/jud-233x300.jpg 233w, https:\/\/www.berg.ch\/wp-content\/uploads\/2025\/03\/jud-9x12.jpg 9w\" sizes=\"(max-width: 500px) 100vw, 500px\" \/>\t\t\t\t\t\t\t\t\t\t\t\t\t\t\t<\/div>\n\t\t\t\t<\/div>\n\t\t\t\t<div class=\"elementor-element elementor-element-3576de2 elementor-widget elementor-widget-heading\" data-id=\"3576de2\" data-element_type=\"widget\" data-widget_type=\"heading.default\">\n\t\t\t\t<div class=\"elementor-widget-container\">\n\t\t\t\t\t<h2 class=\"elementor-heading-title elementor-size-default\">David Jungo<\/h2>\t\t\t\t<\/div>\n\t\t\t\t<\/div>\n\t\t\t\t<div class=\"elementor-element elementor-element-70e3d6b elementor-widget elementor-widget-text-editor\" data-id=\"70e3d6b\" data-element_type=\"widget\" data-widget_type=\"text-editor.default\">\n\t\t\t\t<div class=\"elementor-widget-container\">\n\t\t\t\t\t\t\t\t\t<div class=\"bj_Tm JxhCJ\"><div class=\"TNpDg\"><div class=\"SgSdk\"><div class=\"sTtmz\" data-testid=\"static-text-element\"><div class=\"hcw3J\"><div class=\"\"><p class=\"text-align-center\">Projets et soutien<\/p><\/div><\/div><\/div><\/div><\/div><\/div>\t\t\t\t\t\t\t\t<\/div>\n\t\t\t\t<\/div>\n\t\t\t\t<\/div>\n\t\t<div class=\"elementor-element elementor-element-a59daf4 e-con-full e-flex e-con e-child\" data-id=\"a59daf4\" data-element_type=\"container\">\n\t\t\t\t<div class=\"elementor-element elementor-element-973c5ca elementor-widget elementor-widget-image\" data-id=\"973c5ca\" data-element_type=\"widget\" data-widget_type=\"image.default\">\n\t\t\t\t<div class=\"elementor-widget-container\">\n\t\t\t\t\t\t\t\t\t\t\t\t\t\t\t<img decoding=\"async\" width=\"500\" height=\"643\" src=\"https:\/\/www.berg.ch\/wp-content\/uploads\/2025\/03\/bec.jpg\" class=\"attachment-full size-full wp-image-3396\" alt=\"\" srcset=\"https:\/\/www.berg.ch\/wp-content\/uploads\/2025\/03\/bec.jpg 500w, https:\/\/www.berg.ch\/wp-content\/uploads\/2025\/03\/bec-233x300.jpg 233w, https:\/\/www.berg.ch\/wp-content\/uploads\/2025\/03\/bec-9x12.jpg 9w\" sizes=\"(max-width: 500px) 100vw, 500px\" \/>\t\t\t\t\t\t\t\t\t\t\t\t\t\t\t<\/div>\n\t\t\t\t<\/div>\n\t\t\t\t<div class=\"elementor-element elementor-element-4de7aef elementor-widget elementor-widget-heading\" data-id=\"4de7aef\" data-element_type=\"widget\" data-widget_type=\"heading.default\">\n\t\t\t\t<div class=\"elementor-widget-container\">\n\t\t\t\t\t<h2 class=\"elementor-heading-title elementor-size-default\">Collin Berg<\/h2>\t\t\t\t<\/div>\n\t\t\t\t<\/div>\n\t\t\t\t<div class=\"elementor-element elementor-element-aa9016e elementor-widget elementor-widget-text-editor\" data-id=\"aa9016e\" data-element_type=\"widget\" data-widget_type=\"text-editor.default\">\n\t\t\t\t<div class=\"elementor-widget-container\">\n\t\t\t\t\t\t\t\t\t<div class=\"bj_Tm JxhCJ\"><div class=\"TNpDg\"><div class=\"SgSdk\"><div class=\"sTtmz\" data-testid=\"static-text-element\"><div class=\"hcw3J\"><div class=\"\"><div class=\"bj_Tm JxhCJ\"><div class=\"TNpDg\"><div class=\"SgSdk\"><div class=\"sTtmz\" data-testid=\"static-text-element\"><div class=\"hcw3J\"><div class=\"\"><p class=\"text-align-center\">Propri\u00e9taire et directeur g\u00e9n\u00e9ral<\/p><\/div><\/div><\/div><\/div><\/div><\/div><\/div><\/div><\/div><\/div><\/div><\/div>\t\t\t\t\t\t\t\t<\/div>\n\t\t\t\t<\/div>\n\t\t\t\t<\/div>\n\t\t<div class=\"elementor-element elementor-element-b3d03a7 e-con-full e-flex e-con e-child\" data-id=\"b3d03a7\" data-element_type=\"container\">\n\t\t\t\t<div class=\"elementor-element elementor-element-e08362c elementor-widget elementor-widget-image\" data-id=\"e08362c\" data-element_type=\"widget\" data-widget_type=\"image.default\">\n\t\t\t\t<div class=\"elementor-widget-container\">\n\t\t\t\t\t\t\t\t\t\t\t\t\t\t\t<img decoding=\"async\" width=\"500\" height=\"643\" src=\"https:\/\/www.berg.ch\/wp-content\/uploads\/2025\/03\/rid.jpg\" class=\"attachment-full size-full wp-image-3399\" alt=\"\" srcset=\"https:\/\/www.berg.ch\/wp-content\/uploads\/2025\/03\/rid.jpg 500w, https:\/\/www.berg.ch\/wp-content\/uploads\/2025\/03\/rid-233x300.jpg 233w, https:\/\/www.berg.ch\/wp-content\/uploads\/2025\/03\/rid-9x12.jpg 9w\" sizes=\"(max-width: 500px) 100vw, 500px\" \/>\t\t\t\t\t\t\t\t\t\t\t\t\t\t\t<\/div>\n\t\t\t\t<\/div>\n\t\t\t\t<div class=\"elementor-element elementor-element-7a76e44 elementor-widget elementor-widget-heading\" data-id=\"7a76e44\" data-element_type=\"widget\" data-widget_type=\"heading.default\">\n\t\t\t\t<div class=\"elementor-widget-container\">\n\t\t\t\t\t<h2 class=\"elementor-heading-title elementor-size-default\">David Rindlisbacher\n<\/h2>\t\t\t\t<\/div>\n\t\t\t\t<\/div>\n\t\t\t\t<div class=\"elementor-element elementor-element-f76126e elementor-widget elementor-widget-text-editor\" data-id=\"f76126e\" data-element_type=\"widget\" data-widget_type=\"text-editor.default\">\n\t\t\t\t<div class=\"elementor-widget-container\">\n\t\t\t\t\t\t\t\t\t<div class=\"bj_Tm JxhCJ\"><div class=\"TNpDg\"><div class=\"SgSdk\"><div class=\"sTtmz\" data-testid=\"static-text-element\"><div class=\"hcw3J\"><div class=\"\"><div class=\"bj_Tm JxhCJ\"><div class=\"TNpDg\"><div class=\"SgSdk\"><div class=\"sTtmz\" data-testid=\"static-text-element\"><div class=\"hcw3J\"><div class=\"\"><section id=\"a54fdf1a-a9e7-4468-a220-6399d8bf30e8\" class=\"rdtDR css-9s1hn\"><div class=\"pKPEQ\"><div><div class=\"tqenA\"><div class=\"bj_Tm JxhCJ\"><div class=\"TNpDg\"><div class=\"SgSdk\"><div class=\"sTtmz\" data-testid=\"static-text-element\"><div class=\"hcw3J\"><div class=\"\"><p class=\"text-align-center\">Projets et soutien<\/p><\/div><\/div><\/div><\/div><\/div><\/div><\/div><\/div><\/div><\/section><\/div><\/div><\/div><\/div><\/div><\/div><\/div><\/div><\/div><\/div><\/div><\/div>\t\t\t\t\t\t\t\t<\/div>\n\t\t\t\t<\/div>\n\t\t\t\t<\/div>\n\t\t<div class=\"elementor-element elementor-element-3916b80 e-con-full e-flex e-con e-child\" data-id=\"3916b80\" data-element_type=\"container\">\n\t\t\t\t<div class=\"elementor-element elementor-element-1599a54 elementor-widget elementor-widget-image\" data-id=\"1599a54\" data-element_type=\"widget\" data-widget_type=\"image.default\">\n\t\t\t\t<div class=\"elementor-widget-container\">\n\t\t\t\t\t\t\t\t\t\t\t\t\t\t\t<img loading=\"lazy\" decoding=\"async\" width=\"500\" height=\"643\" src=\"https:\/\/www.berg.ch\/wp-content\/uploads\/2025\/03\/cln.jpg\" class=\"attachment-full size-full wp-image-3397\" alt=\"\" srcset=\"https:\/\/www.berg.ch\/wp-content\/uploads\/2025\/03\/cln.jpg 500w, https:\/\/www.berg.ch\/wp-content\/uploads\/2025\/03\/cln-233x300.jpg 233w, https:\/\/www.berg.ch\/wp-content\/uploads\/2025\/03\/cln-9x12.jpg 9w\" sizes=\"(max-width: 500px) 100vw, 500px\" \/>\t\t\t\t\t\t\t\t\t\t\t\t\t\t\t<\/div>\n\t\t\t\t<\/div>\n\t\t\t\t<div class=\"elementor-element elementor-element-d516203 elementor-widget elementor-widget-heading\" data-id=\"d516203\" data-element_type=\"widget\" data-widget_type=\"heading.default\">\n\t\t\t\t<div class=\"elementor-widget-container\">\n\t\t\t\t\t<h2 class=\"elementor-heading-title elementor-size-default\">Nicole Clerc\n<\/h2>\t\t\t\t<\/div>\n\t\t\t\t<\/div>\n\t\t\t\t<div class=\"elementor-element elementor-element-2305034 elementor-widget elementor-widget-text-editor\" data-id=\"2305034\" data-element_type=\"widget\" data-widget_type=\"text-editor.default\">\n\t\t\t\t<div class=\"elementor-widget-container\">\n\t\t\t\t\t\t\t\t\tAdministration\t\t\t\t\t\t\t\t<\/div>\n\t\t\t\t<\/div>\n\t\t\t\t<\/div>\n\t\t\t\t<\/div>\n\t\t\t\t\t<\/div>\n\t\t\t\t<\/div>\n\t\t<div class=\"elementor-element elementor-element-da495a6 e-flex e-con-boxed e-con e-parent\" data-id=\"da495a6\" data-element_type=\"container\" data-settings=\"{&quot;background_background&quot;:&quot;classic&quot;}\">\n\t\t\t\t\t<div class=\"e-con-inner\">\n\t\t\t\t<div class=\"elementor-element elementor-element-5c8c20e elementor-widget elementor-widget-heading\" data-id=\"5c8c20e\" data-element_type=\"widget\" data-widget_type=\"heading.default\">\n\t\t\t\t<div class=\"elementor-widget-container\">\n\t\t\t\t\t<div class=\"elementor-heading-title elementor-size-default\">Faites connaissance avec nous<\/div>\t\t\t\t<\/div>\n\t\t\t\t<\/div>\n\t\t<div class=\"elementor-element elementor-element-8ca206f e-con-full e-flex e-con e-child\" data-id=\"8ca206f\" data-element_type=\"container\">\n\t\t\t\t<div class=\"elementor-element elementor-element-8674df4 elementor-align-center elementor-widget elementor-widget-button\" data-id=\"8674df4\" data-element_type=\"widget\" data-widget_type=\"button.default\">\n\t\t\t\t<div class=\"elementor-widget-container\">\n\t\t\t\t\t\t\t\t\t<div class=\"elementor-button-wrapper\">\n\t\t\t\t\t<a class=\"elementor-button elementor-button-link elementor-size-sm\" href=\"\/fr\/contact\/\">\n\t\t\t\t\t\t<span class=\"elementor-button-content-wrapper\">\n\t\t\t\t\t\t\t\t\t<span class=\"elementor-button-text\">Contact<\/span>\n\t\t\t\t\t<\/span>\n\t\t\t\t\t<\/a>\n\t\t\t\t<\/div>\n\t\t\t\t\t\t\t\t<\/div>\n\t\t\t\t<\/div>\n\t\t\t\t<div class=\"elementor-element elementor-element-b8cdef6 elementor-align-center elementor-widget elementor-widget-button\" data-id=\"b8cdef6\" data-element_type=\"widget\" data-widget_type=\"button.default\">\n\t\t\t\t<div class=\"elementor-widget-container\">\n\t\t\t\t\t\t\t\t\t<div class=\"elementor-button-wrapper\">\n\t\t\t\t\t<a class=\"elementor-button elementor-button-link elementor-size-sm\" href=\"\/fr\/contact\/demander-un-rappel\/\">\n\t\t\t\t\t\t<span class=\"elementor-button-content-wrapper\">\n\t\t\t\t\t\t\t\t\t<span class=\"elementor-button-text\">Demander un rappel<\/span>\n\t\t\t\t\t<\/span>\n\t\t\t\t\t<\/a>\n\t\t\t\t<\/div>\n\t\t\t\t\t\t\t\t<\/div>\n\t\t\t\t<\/div>\n\t\t\t\t<\/div>\n\t\t\t\t\t<\/div>\n\t\t\t\t<\/div>\n\t\t\t\t<\/div>","protected":false},"excerpt":{"rendered":"<p>25 ANS D'EXP\u00c9RIENCE Nous connaissons parfaitement les besoins informatiques des PME. Notre objectif est de trouver la meilleure solution informatique pour vous et votre entreprise.Il y a 25 ans, Collin Berg a fond\u00e9 son entreprise en se concentrant clairement sur les solutions informatiques pour les PME. Au cours des ann\u00e9es de suivi de ses clients, certaines entreprises se sont d\u00e9velopp\u00e9es pour devenir des entreprises imposantes avec plus de [...].<\/p>","protected":false},"author":4,"featured_media":0,"parent":0,"menu_order":0,"comment_status":"closed","ping_status":"closed","template":"","meta":{"footnotes":""},"class_list":["post-2628","page","type-page","status-publish","hentry"],"_links":{"self":[{"href":"https:\/\/www.berg.ch\/fr\/wp-json\/wp\/v2\/pages\/2628","targetHints":{"allow":["GET"]}}],"collection":[{"href":"https:\/\/www.berg.ch\/fr\/wp-json\/wp\/v2\/pages"}],"about":[{"href":"https:\/\/www.berg.ch\/fr\/wp-json\/wp\/v2\/types\/page"}],"author":[{"embeddable":true,"href":"https:\/\/www.berg.ch\/fr\/wp-json\/wp\/v2\/users\/4"}],"replies":[{"embeddable":true,"href":"https:\/\/www.berg.ch\/fr\/wp-json\/wp\/v2\/comments?post=2628"}],"version-history":[{"count":41,"href":"https:\/\/www.berg.ch\/fr\/wp-json\/wp\/v2\/pages\/2628\/revisions"}],"predecessor-version":[{"id":3406,"href":"https:\/\/www.berg.ch\/fr\/wp-json\/wp\/v2\/pages\/2628\/revisions\/3406"}],"wp:attachment":[{"href":"https:\/\/www.berg.ch\/fr\/wp-json\/wp\/v2\/media?parent=2628"}],"curies":[{"name":"wp","href":"https:\/\/api.w.org\/{rel}","templated":true}]}}