{"id":2658,"date":"2024-12-04T16:36:15","date_gmt":"2024-12-04T15:36:15","guid":{"rendered":"https:\/\/www.berg.ch\/?page_id=2658"},"modified":"2024-12-04T16:36:15","modified_gmt":"2024-12-04T15:36:15","slug":"contact","status":"publish","type":"page","link":"https:\/\/www.berg.ch\/fr\/contact\/","title":{"rendered":"Contact"},"content":{"rendered":"<div data-elementor-type=\"wp-page\" data-elementor-id=\"2658\" class=\"elementor elementor-2658\" data-elementor-post-type=\"page\">\n\t\t\t\t<div class=\"elementor-element elementor-element-e7c779b e-flex e-con-boxed e-con e-parent\" data-id=\"e7c779b\" data-element_type=\"container\" data-settings=\"{&quot;background_background&quot;:&quot;classic&quot;}\">\n\t\t\t\t\t<div class=\"e-con-inner\">\n\t\t<div class=\"elementor-element elementor-element-8ce42c7 e-con-full e-flex e-con e-child\" data-id=\"8ce42c7\" data-element_type=\"container\" data-settings=\"{&quot;background_background&quot;:&quot;classic&quot;}\">\n\t\t<div class=\"elementor-element elementor-element-e3d4a70 e-con-full e-flex e-con e-child\" data-id=\"e3d4a70\" data-element_type=\"container\">\n\t\t\t\t<div class=\"elementor-element elementor-element-96e7538 elementor-widget elementor-widget-heading\" data-id=\"96e7538\" data-element_type=\"widget\" data-widget_type=\"heading.default\">\n\t\t\t\t<div class=\"elementor-widget-container\">\n\t\t\t\t\t<h1 class=\"elementor-heading-title elementor-size-default\">Berg IT GmbH<\/h1>\t\t\t\t<\/div>\n\t\t\t\t<\/div>\n\t\t\t\t<div class=\"elementor-element elementor-element-8bcffe3 elementor-widget elementor-widget-text-editor\" data-id=\"8bcffe3\" data-element_type=\"widget\" data-widget_type=\"text-editor.default\">\n\t\t\t\t<div class=\"elementor-widget-container\">\n\t\t\t\t\t\t\t\t\t<p>Bonnstrasse 22a<br \/>3186 Guin<br \/>Suisse<br \/><br \/>Heures d'ouverture (LU-VE)<br \/>08:00 - 12:00 heures et 13:30 - 17:30 heures\u00a0<\/p><p><br \/>Courrier \u00e9lectronique :<br \/><a href=\"mailto:office@berg.ch\">office@berg.ch<\/a><br \/><br \/>T\u00e9l\u00e9phone :<br \/><a href=\"tel:+41264920333\">+41 26 492 03 33<\/a><br \/><br \/>Souhaitez-vous rester inform\u00e9?<br \/><a href=\"https:\/\/seu2.cleverreach.com\/f\/283544-285253\/\" target=\"_blank\" rel=\"noopener\">Inscrivez-vous \u00e0 notre newsletter<\/a><\/p>\t\t\t\t\t\t\t\t<\/div>\n\t\t\t\t<\/div>\n\t\t\t\t<\/div>\n\t\t\t\t<div class=\"elementor-element elementor-element-d39ffee elementor-widget__width-initial elementor-widget-mobile__width-inherit elementor-widget elementor-widget-google_maps\" data-id=\"d39ffee\" data-element_type=\"widget\" data-widget_type=\"google_maps.default\">\n\t\t\t\t<div class=\"elementor-widget-container\">\n\t\t\t\t\t\t\t<div class=\"elementor-custom-embed\">\n\t\t\t<iframe loading=\"lazy\"\n\t\t\t\t\tsrc=\"https:\/\/maps.google.com\/maps?q=Berg%20IT%20GmbH%2C%20Bonnstrasse%2022a%2C%203186%20D%C3%BCdingen&#038;t=m&#038;z=12&#038;output=embed&#038;iwloc=near\"\n\t\t\t\t\ttitle=\"Berg IT S\u00e0rl, Bonnstrasse 22a, 3186 D\u00fcdingen\"\n\t\t\t\t\taria-label=\"Berg IT S\u00e0rl, Bonnstrasse 22a, 3186 D\u00fcdingen\"\n\t\t\t><\/iframe>\n\t\t<\/div>\n\t\t\t\t\t\t<\/div>\n\t\t\t\t<\/div>\n\t\t\t\t<\/div>\n\t\t\t\t\t<\/div>\n\t\t\t\t<\/div>\n\t\t\t\t<\/div>","protected":false},"excerpt":{"rendered":"<p>Berg IT GmbH Bonnstrasse 22a3186 D\u00fcdingenSuisse Heures d'ouverture (LU-VE)08:00 - 12:00 et 13:30 - 17:30 E-Mail:office@berg.ch T\u00e9l\u00e9phone:+41 26 492 03 33 Vous souhaitez rester inform\u00e9 ? Inscrivez-vous \u00e0 notre newsletter<\/p>","protected":false},"author":4,"featured_media":0,"parent":0,"menu_order":0,"comment_status":"closed","ping_status":"closed","template":"","meta":{"footnotes":""},"class_list":["post-2658","page","type-page","status-publish","hentry"],"_links":{"self":[{"href":"https:\/\/www.berg.ch\/fr\/wp-json\/wp\/v2\/pages\/2658","targetHints":{"allow":["GET"]}}],"collection":[{"href":"https:\/\/www.berg.ch\/fr\/wp-json\/wp\/v2\/pages"}],"about":[{"href":"https:\/\/www.berg.ch\/fr\/wp-json\/wp\/v2\/types\/page"}],"author":[{"embeddable":true,"href":"https:\/\/www.berg.ch\/fr\/wp-json\/wp\/v2\/users\/4"}],"replies":[{"embeddable":true,"href":"https:\/\/www.berg.ch\/fr\/wp-json\/wp\/v2\/comments?post=2658"}],"version-history":[{"count":40,"href":"https:\/\/www.berg.ch\/fr\/wp-json\/wp\/v2\/pages\/2658\/revisions"}],"predecessor-version":[{"id":2796,"href":"https:\/\/www.berg.ch\/fr\/wp-json\/wp\/v2\/pages\/2658\/revisions\/2796"}],"wp:attachment":[{"href":"https:\/\/www.berg.ch\/fr\/wp-json\/wp\/v2\/media?parent=2658"}],"curies":[{"name":"wp","href":"https:\/\/api.w.org\/{rel}","templated":true}]}}