{"id":3184,"date":"2024-12-04T17:02:25","date_gmt":"2024-12-04T16:02:25","guid":{"rendered":"https:\/\/www.berg.ch\/?page_id=3184"},"modified":"2024-12-12T17:39:57","modified_gmt":"2024-12-12T16:39:57","slug":"mentions-legales","status":"publish","type":"page","link":"https:\/\/www.berg.ch\/fr\/mentions-legales\/","title":{"rendered":"Mentions l\u00e9gales"},"content":{"rendered":"<div data-elementor-type=\"wp-page\" data-elementor-id=\"3184\" class=\"elementor elementor-3184\" data-elementor-post-type=\"page\">\n\t\t\t\t<div class=\"elementor-element elementor-element-bf4c1e8 e-flex e-con-boxed e-con e-parent\" data-id=\"bf4c1e8\" data-element_type=\"container\" data-settings=\"{&quot;background_background&quot;:&quot;classic&quot;}\">\n\t\t\t\t\t<div class=\"e-con-inner\">\n\t\t\t\t<div class=\"elementor-element elementor-element-5112e57 elementor-widget elementor-widget-heading\" data-id=\"5112e57\" data-element_type=\"widget\" data-widget_type=\"heading.default\">\n\t\t\t\t<div class=\"elementor-widget-container\">\n\t\t\t\t\t<h1 class=\"elementor-heading-title elementor-size-default\">Mentions l\u00e9gales<\/h1>\t\t\t\t<\/div>\n\t\t\t\t<\/div>\n\t\t\t\t\t<\/div>\n\t\t\t\t<\/div>\n\t\t<div class=\"elementor-element elementor-element-1785b7f e-flex e-con-boxed e-con e-parent\" data-id=\"1785b7f\" data-element_type=\"container\">\n\t\t\t\t\t<div class=\"e-con-inner\">\n\t\t<div class=\"elementor-element elementor-element-27cbcbd e-con-full e-flex e-con e-child\" data-id=\"27cbcbd\" data-element_type=\"container\">\n\t\t\t\t<div class=\"elementor-element elementor-element-5210442 elementor-widget elementor-widget-heading\" data-id=\"5210442\" data-element_type=\"widget\" data-widget_type=\"heading.default\">\n\t\t\t\t<div class=\"elementor-widget-container\">\n\t\t\t\t\t<h2 class=\"elementor-heading-title elementor-size-default\">Contact<\/h2>\t\t\t\t<\/div>\n\t\t\t\t<\/div>\n\t\t\t\t<div class=\"elementor-element elementor-element-f0d3a70 elementor-widget elementor-widget-text-editor\" data-id=\"f0d3a70\" data-element_type=\"widget\" data-widget_type=\"text-editor.default\">\n\t\t\t\t<div class=\"elementor-widget-container\">\n\t\t\t\t\t\t\t\t\t<p><strong>Berg IT GmbH<\/strong><\/p><p>Bonnstrasse 22a<br \/>3186 Guin<\/p><p><a href=\"mailto:office@berg.ch\">office@berg.ch<\/a><br \/><a href=\"tel:+41264920333\">+41 26 492 03 33<\/a><\/p>\t\t\t\t\t\t\t\t<\/div>\n\t\t\t\t<\/div>\n\t\t\t\t<\/div>\n\t\t<div class=\"elementor-element elementor-element-717fdb3 e-con-full e-flex e-con e-child\" data-id=\"717fdb3\" data-element_type=\"container\">\n\t\t\t\t<div class=\"elementor-element elementor-element-2244b03 elementor-widget elementor-widget-heading\" data-id=\"2244b03\" data-element_type=\"widget\" data-widget_type=\"heading.default\">\n\t\t\t\t<div class=\"elementor-widget-container\">\n\t\t\t\t\t<h2 class=\"elementor-heading-title elementor-size-default\">D\u00e9veloppement web<\/h2>\t\t\t\t<\/div>\n\t\t\t\t<\/div>\n\t\t\t\t<div class=\"elementor-element elementor-element-fb792fa elementor-widget elementor-widget-text-editor\" data-id=\"fb792fa\" data-element_type=\"widget\" data-widget_type=\"text-editor.default\">\n\t\t\t\t<div class=\"elementor-widget-container\">\n\t\t\t\t\t\t\t\t\t<p><a href=\"https:\/\/millefeuilles.ch\/\" target=\"_blank\" rel=\"noopener\"><strong>millefeuilles ag<\/strong><\/a><\/p><p>18, rue de Bonn<br \/>3186 Guin<\/p><p><a href=\"mailto:info@millefeuilles.ch\">info@millefeuilles.ch<\/a><br \/><a href=\"tel:+41264925324\">+41 26 492 53 24<\/a><\/p>\t\t\t\t\t\t\t\t<\/div>\n\t\t\t\t<\/div>\n\t\t\t\t<\/div>\n\t\t\t\t\t<\/div>\n\t\t\t\t<\/div>\n\t\t\t\t<\/div>","protected":false},"excerpt":{"rendered":"<p>Impressum Contact Berg IT GmbH Bonnstrasse 22a3186 D\u00fcdingen office@berg.ch+41 26 492 03 33 D\u00e9veloppement web millefeuilles ag Bonnstrasse 183186 D\u00fcdingen info@millefeuilles.ch+41 26 492 53 24<\/p>","protected":false},"author":4,"featured_media":0,"parent":0,"menu_order":0,"comment_status":"closed","ping_status":"closed","template":"","meta":{"footnotes":""},"class_list":["post-3184","page","type-page","status-publish","hentry"],"_links":{"self":[{"href":"https:\/\/www.berg.ch\/fr\/wp-json\/wp\/v2\/pages\/3184","targetHints":{"allow":["GET"]}}],"collection":[{"href":"https:\/\/www.berg.ch\/fr\/wp-json\/wp\/v2\/pages"}],"about":[{"href":"https:\/\/www.berg.ch\/fr\/wp-json\/wp\/v2\/types\/page"}],"author":[{"embeddable":true,"href":"https:\/\/www.berg.ch\/fr\/wp-json\/wp\/v2\/users\/4"}],"replies":[{"embeddable":true,"href":"https:\/\/www.berg.ch\/fr\/wp-json\/wp\/v2\/comments?post=3184"}],"version-history":[{"count":10,"href":"https:\/\/www.berg.ch\/fr\/wp-json\/wp\/v2\/pages\/3184\/revisions"}],"predecessor-version":[{"id":3216,"href":"https:\/\/www.berg.ch\/fr\/wp-json\/wp\/v2\/pages\/3184\/revisions\/3216"}],"wp:attachment":[{"href":"https:\/\/www.berg.ch\/fr\/wp-json\/wp\/v2\/media?parent=3184"}],"curies":[{"name":"wp","href":"https:\/\/api.w.org\/{rel}","templated":true}]}}